{"id":1024,"date":"2021-03-07T12:35:20","date_gmt":"2021-03-07T11:35:20","guid":{"rendered":"https:\/\/alphamarinepro.com\/product\/gelcoat-speed-protector\/"},"modified":"2021-12-27T13:03:03","modified_gmt":"2021-12-27T12:03:03","slug":"gelcoat-speed-protector","status":"publish","type":"product","link":"https:\/\/alphamarinepro.com\/nl\/product\/gelcoat-speed-protector\/","title":{"rendered":"Gelcoat Speed Protector"},"content":{"rendered":"<p>Gelcoat Speed Protector is een hoogwaardig beschermingsmiddel op basis van de meest innovatieve technoligieen. Beschermt de gelcoat en zorgt voor extra glans en bescherming na een wasbeurt. Voorkomt tevens het aanhechten van vervuiling. Veilig voor polyester, plastic, geverfde en metalen oppervlakten zoals; chroom, RVS en aluminum. Gelcoat Premium Protector past tevens uitstekend in het regulier onderhoud van de gelcoat eventueel voor het onderhouden van een reeds met Marine Coat behandelde gelcoat.    <\/p>\n","protected":false},"excerpt":{"rendered":"<p>Een hoogwaardig beschermingsmiddel op basis van de meest innovatieve technologie\u00ebn. Beschermt de gelcoat en zorgt voor extra glans en bescherming na \u00e9\u00e9n wasbeurt. Gelcoat Premium Protector past ook perfect bij het reguliere onderhoud van de gelcoat, maar ook bij het onderhoud van een gelcoat die al met Marine Coat is behandeld.  <\/p>\n","protected":false},"featured_media":1025,"comment_status":"open","ping_status":"closed","template":"","meta":[],"product_brand":[],"product_cat":[44],"product_tag":[],"class_list":{"0":"post-1024","1":"product","2":"type-product","3":"status-publish","4":"has-post-thumbnail","6":"product_cat-bescherming","8":"first","9":"instock","10":"taxable","11":"shipping-taxable","12":"purchasable","13":"product-type-simple"},"_links":{"self":[{"href":"https:\/\/alphamarinepro.com\/nl\/wp-json\/wp\/v2\/product\/1024","targetHints":{"allow":["GET"]}}],"collection":[{"href":"https:\/\/alphamarinepro.com\/nl\/wp-json\/wp\/v2\/product"}],"about":[{"href":"https:\/\/alphamarinepro.com\/nl\/wp-json\/wp\/v2\/types\/product"}],"replies":[{"embeddable":true,"href":"https:\/\/alphamarinepro.com\/nl\/wp-json\/wp\/v2\/comments?post=1024"}],"wp:featuredmedia":[{"embeddable":true,"href":"https:\/\/alphamarinepro.com\/nl\/wp-json\/wp\/v2\/media\/1025"}],"wp:attachment":[{"href":"https:\/\/alphamarinepro.com\/nl\/wp-json\/wp\/v2\/media?parent=1024"}],"wp:term":[{"taxonomy":"product_brand","embeddable":true,"href":"https:\/\/alphamarinepro.com\/nl\/wp-json\/wp\/v2\/product_brand?post=1024"},{"taxonomy":"product_cat","embeddable":true,"href":"https:\/\/alphamarinepro.com\/nl\/wp-json\/wp\/v2\/product_cat?post=1024"},{"taxonomy":"product_tag","embeddable":true,"href":"https:\/\/alphamarinepro.com\/nl\/wp-json\/wp\/v2\/product_tag?post=1024"}],"curies":[{"name":"wp","href":"https:\/\/api.w.org\/{rel}","templated":true}]}}