{"id":2680,"date":"2021-07-06T19:15:55","date_gmt":"2021-07-07T07:58:05","guid":{"rendered":"https:\/\/alphamarinepro.com\/product\/plastic-window-cleaner\/"},"modified":"2021-11-01T15:06:33","modified_gmt":"2021-11-01T14:06:33","slug":"plastic-window-cleaner","status":"publish","type":"product","link":"https:\/\/alphamarinepro.com\/it\/prodotto\/plastic-window-cleaner\/","title":{"rendered":"Plastic Window Cleaner"},"content":{"rendered":"<p>Plastic Window Cleaner \u00e8 un detergente sintetico senza abrasivi. Plastic Window Cleaner scioglie l&#8217;inquinamento senza danneggiare la superficie. Grazie alla composizione innovativa, la contaminazione pu\u00f2 essere facilmente rimossa. Plastic Window Cleaner lascia anche uno strato polimerico ultrasottile che protegge e leviga la superficie. Plastic Window Cleaner rimuove tutti i depositi dalla superficie, rimuovendo anche la fastidiosa foschia. Plastic Window Cleaner pu\u00f2 essere utilizzato su quasi tutte le superfici in vinile e acrilico come finestre, panche, ecc. Plastic Window Cleaner \u00e8 un detergente che viene fornito in una bomboletta spray. Ci\u00f2 consente una facile applicazione e dosaggio.    <\/p>\n","protected":false},"excerpt":{"rendered":"<p>Questo fantastico detergente per vetri scioglie l&#8217;inquinamento senza danneggiare la superficie, inoltre lascia uno strato polimerico ultrasottile che protegge e leviga la superficie.<\/p>\n","protected":false},"featured_media":2790,"comment_status":"open","ping_status":"closed","template":"","meta":[],"product_brand":[],"product_cat":[52],"product_tag":[],"class_list":{"0":"post-2680","1":"product","2":"type-product","3":"status-publish","4":"has-post-thumbnail","6":"product_cat-pulizia","8":"first","9":"instock","10":"taxable","11":"shipping-taxable","12":"purchasable","13":"product-type-simple"},"_links":{"self":[{"href":"https:\/\/alphamarinepro.com\/it\/wp-json\/wp\/v2\/product\/2680","targetHints":{"allow":["GET"]}}],"collection":[{"href":"https:\/\/alphamarinepro.com\/it\/wp-json\/wp\/v2\/product"}],"about":[{"href":"https:\/\/alphamarinepro.com\/it\/wp-json\/wp\/v2\/types\/product"}],"replies":[{"embeddable":true,"href":"https:\/\/alphamarinepro.com\/it\/wp-json\/wp\/v2\/comments?post=2680"}],"wp:featuredmedia":[{"embeddable":true,"href":"https:\/\/alphamarinepro.com\/it\/wp-json\/wp\/v2\/media\/2790"}],"wp:attachment":[{"href":"https:\/\/alphamarinepro.com\/it\/wp-json\/wp\/v2\/media?parent=2680"}],"wp:term":[{"taxonomy":"product_brand","embeddable":true,"href":"https:\/\/alphamarinepro.com\/it\/wp-json\/wp\/v2\/product_brand?post=2680"},{"taxonomy":"product_cat","embeddable":true,"href":"https:\/\/alphamarinepro.com\/it\/wp-json\/wp\/v2\/product_cat?post=2680"},{"taxonomy":"product_tag","embeddable":true,"href":"https:\/\/alphamarinepro.com\/it\/wp-json\/wp\/v2\/product_tag?post=2680"}],"curies":[{"name":"wp","href":"https:\/\/api.w.org\/{rel}","templated":true}]}}