{"id":1317,"date":"2021-03-07T11:59:04","date_gmt":"2021-03-07T10:59:04","guid":{"rendered":"https:\/\/alphamarinepro.com\/product\/glass-stainless-steel-cleaner\/"},"modified":"2021-05-07T17:44:49","modified_gmt":"2021-05-07T16:44:49","slug":"glass-stainless-steel-cleaner","status":"publish","type":"product","link":"https:\/\/alphamarinepro.com\/it\/prodotto\/glass-stainless-steel-cleaner\/","title":{"rendered":"Glass &amp; Stainless Steel Cleaner"},"content":{"rendered":"<p>Glass &amp; Stainless Steel Cleaner \u00c8 un potente detergente innovativo con ingredienti lucidanti unici che rimuove senza sforzo contaminazioni penetrate in profondit\u00e0 come la corrosione, escrementi di uccelli e depositi di calcare e sale. Ripristina la limpidezza del vetro lucidando la superficie. Ideale per finestre e obl\u00f2.  <\/p>\n","protected":false},"excerpt":{"rendered":"<p>Ideale per la pulizia di finestre e obl\u00f2. Rimuove senza sforzo le impurit\u00e0 che penetrano in profondit\u00e0 come escrementi di uccelli, depositi di calcare e sale e ripristina la trasparenza delle superfici in vetro. <\/p>\n","protected":false},"featured_media":1318,"comment_status":"open","ping_status":"closed","template":"","meta":[],"product_brand":[],"product_cat":[52],"product_tag":[],"class_list":{"0":"post-1317","1":"product","2":"type-product","3":"status-publish","4":"has-post-thumbnail","6":"product_cat-pulizia","8":"first","9":"instock","10":"taxable","11":"shipping-taxable","12":"purchasable","13":"product-type-simple"},"_links":{"self":[{"href":"https:\/\/alphamarinepro.com\/it\/wp-json\/wp\/v2\/product\/1317","targetHints":{"allow":["GET"]}}],"collection":[{"href":"https:\/\/alphamarinepro.com\/it\/wp-json\/wp\/v2\/product"}],"about":[{"href":"https:\/\/alphamarinepro.com\/it\/wp-json\/wp\/v2\/types\/product"}],"replies":[{"embeddable":true,"href":"https:\/\/alphamarinepro.com\/it\/wp-json\/wp\/v2\/comments?post=1317"}],"wp:featuredmedia":[{"embeddable":true,"href":"https:\/\/alphamarinepro.com\/it\/wp-json\/wp\/v2\/media\/1318"}],"wp:attachment":[{"href":"https:\/\/alphamarinepro.com\/it\/wp-json\/wp\/v2\/media?parent=1317"}],"wp:term":[{"taxonomy":"product_brand","embeddable":true,"href":"https:\/\/alphamarinepro.com\/it\/wp-json\/wp\/v2\/product_brand?post=1317"},{"taxonomy":"product_cat","embeddable":true,"href":"https:\/\/alphamarinepro.com\/it\/wp-json\/wp\/v2\/product_cat?post=1317"},{"taxonomy":"product_tag","embeddable":true,"href":"https:\/\/alphamarinepro.com\/it\/wp-json\/wp\/v2\/product_tag?post=1317"}],"curies":[{"name":"wp","href":"https:\/\/api.w.org\/{rel}","templated":true}]}}