{"id":1277,"date":"2021-03-07T12:07:01","date_gmt":"2021-03-07T11:07:01","guid":{"rendered":"https:\/\/alphamarinepro.com\/product\/antifouling-remover\/"},"modified":"2021-05-07T17:34:15","modified_gmt":"2021-05-07T16:34:15","slug":"antifouling-remover","status":"publish","type":"product","link":"https:\/\/alphamarinepro.com\/it\/prodotto\/antifouling-remover\/","title":{"rendered":"Antifouling Remover"},"content":{"rendered":"<p>Antifouling Remover \u00c8 una pasta sicura con un PH neutro utilizzata per rimuovere facilmente i vecchi strati di antivegetativa (anche sistemi a 2 componenti). Non contiene acidi nocivi, alcali, NMP, cloruro di metilene, DMSO, paraffina o altri conservanti. \u00c8 possibile rimuovere pi\u00f9 strati contemporaneamente lasciando funzionare il prodotto pi\u00f9 a lungo. L&#8217;antivegetativa \/ sverniciatore non si secca e pu\u00f2 rimanere fino a 24 ore senza danneggiare la superficie. Pu\u00f2 essere utilizzato anche fino a 0 \u00b0 C.    <\/p>\n","protected":false},"excerpt":{"rendered":"<p>Rimuovere in modo facile e sicuro i vecchi strati di antivegetativa (anche 2 strati componenti). Non secca e pu\u00f2 rimanere fino a 24 ore senza rovinare la superficie. <\/p>\n","protected":false},"featured_media":1047,"comment_status":"open","ping_status":"closed","template":"","meta":[],"product_brand":[],"product_cat":[52],"product_tag":[],"class_list":{"0":"post-1277","1":"product","2":"type-product","3":"status-publish","4":"has-post-thumbnail","6":"product_cat-pulizia","8":"first","9":"instock","10":"taxable","11":"shipping-taxable","12":"purchasable","13":"product-type-variable"},"_links":{"self":[{"href":"https:\/\/alphamarinepro.com\/it\/wp-json\/wp\/v2\/product\/1277","targetHints":{"allow":["GET"]}}],"collection":[{"href":"https:\/\/alphamarinepro.com\/it\/wp-json\/wp\/v2\/product"}],"about":[{"href":"https:\/\/alphamarinepro.com\/it\/wp-json\/wp\/v2\/types\/product"}],"replies":[{"embeddable":true,"href":"https:\/\/alphamarinepro.com\/it\/wp-json\/wp\/v2\/comments?post=1277"}],"wp:featuredmedia":[{"embeddable":true,"href":"https:\/\/alphamarinepro.com\/it\/wp-json\/wp\/v2\/media\/1047"}],"wp:attachment":[{"href":"https:\/\/alphamarinepro.com\/it\/wp-json\/wp\/v2\/media?parent=1277"}],"wp:term":[{"taxonomy":"product_brand","embeddable":true,"href":"https:\/\/alphamarinepro.com\/it\/wp-json\/wp\/v2\/product_brand?post=1277"},{"taxonomy":"product_cat","embeddable":true,"href":"https:\/\/alphamarinepro.com\/it\/wp-json\/wp\/v2\/product_cat?post=1277"},{"taxonomy":"product_tag","embeddable":true,"href":"https:\/\/alphamarinepro.com\/it\/wp-json\/wp\/v2\/product_tag?post=1277"}],"curies":[{"name":"wp","href":"https:\/\/api.w.org\/{rel}","templated":true}]}}