{"id":1127,"date":"2021-03-07T12:20:32","date_gmt":"2021-03-07T11:20:32","guid":{"rendered":"https:\/\/alphamarinepro.com\/product\/synthetic-glass-protector\/"},"modified":"2021-05-07T16:59:46","modified_gmt":"2021-05-07T15:59:46","slug":"synthetic-glass-protector","status":"publish","type":"product","link":"https:\/\/alphamarinepro.com\/it\/prodotto\/synthetic-glass-protector\/","title":{"rendered":"Synthetic Glass Protector"},"content":{"rendered":"<p>Synthetic Glass Protector \u00c8 un protettore di vetro di alta qualit\u00e0 basato sulla tecnologia pi\u00f9 recente. Fornisce protezione a lungo termine contro l&#8217;adesione di contaminazioni come corrosione, escrementi di uccelli, depositi di calcare e sale e altre sostanze aggressive. Inoltre impedisce al vetro di diventare opaco. \u00c8 idrorepellente e resistente ai raggi UV. Resistente a tutti i comuni prodotti per la pulizia compresi i detergenti acidi. Ideale per finestre e obl\u00f2.     <\/p>\n","protected":false},"excerpt":{"rendered":"<p>\u00c8 un protettore di vetro di alta qualit\u00e0 che fornisce una protezione a lungo termine contro l&#8217;adesione di contaminazioni come corrosione, escrementi di uccelli, depositi di calcare e sale e altre sostanze aggressive. Inoltre impedisce al vetro di diventare opaco. \u00c8 idrorepellente e resistente ai raggi UV. Resistente a tutti i comuni prodotti per la pulizia compresi i detergenti acidi. Ideale per finestre e obl\u00f2   <\/p>\n","protected":false},"featured_media":1128,"comment_status":"open","ping_status":"closed","template":"","meta":[],"product_brand":[],"product_cat":[58],"product_tag":[],"class_list":{"0":"post-1127","1":"product","2":"type-product","3":"status-publish","4":"has-post-thumbnail","6":"product_cat-protezione","8":"first","9":"instock","10":"taxable","11":"shipping-taxable","12":"purchasable","13":"product-type-simple"},"_links":{"self":[{"href":"https:\/\/alphamarinepro.com\/it\/wp-json\/wp\/v2\/product\/1127","targetHints":{"allow":["GET"]}}],"collection":[{"href":"https:\/\/alphamarinepro.com\/it\/wp-json\/wp\/v2\/product"}],"about":[{"href":"https:\/\/alphamarinepro.com\/it\/wp-json\/wp\/v2\/types\/product"}],"replies":[{"embeddable":true,"href":"https:\/\/alphamarinepro.com\/it\/wp-json\/wp\/v2\/comments?post=1127"}],"wp:featuredmedia":[{"embeddable":true,"href":"https:\/\/alphamarinepro.com\/it\/wp-json\/wp\/v2\/media\/1128"}],"wp:attachment":[{"href":"https:\/\/alphamarinepro.com\/it\/wp-json\/wp\/v2\/media?parent=1127"}],"wp:term":[{"taxonomy":"product_brand","embeddable":true,"href":"https:\/\/alphamarinepro.com\/it\/wp-json\/wp\/v2\/product_brand?post=1127"},{"taxonomy":"product_cat","embeddable":true,"href":"https:\/\/alphamarinepro.com\/it\/wp-json\/wp\/v2\/product_cat?post=1127"},{"taxonomy":"product_tag","embeddable":true,"href":"https:\/\/alphamarinepro.com\/it\/wp-json\/wp\/v2\/product_tag?post=1127"}],"curies":[{"name":"wp","href":"https:\/\/api.w.org\/{rel}","templated":true}]}}