{"id":1082,"date":"2021-03-07T12:27:31","date_gmt":"2021-03-07T11:27:31","guid":{"rendered":"https:\/\/alphamarinepro.com\/product\/gelcoat-premium-protector\/"},"modified":"2021-05-07T16:54:17","modified_gmt":"2021-05-07T15:54:17","slug":"gelcoat-premium-protector","status":"publish","type":"product","link":"https:\/\/alphamarinepro.com\/it\/prodotto\/gelcoat-premium-protector\/","title":{"rendered":"Gelcoat Premium Protector"},"content":{"rendered":"<p>Gelcoat Premium Protector \u00e8 un agente protettivo di alta qualit\u00e0 basato sulle tecnologie pi\u00f9 innovative. Protegge il gelcoat e dona lucentezza e approfondimento del colore. Previene anche l&#8217;adesione dell&#8217;inquinamento, Con filtro UV. Sicuro per superfici in poliestere, plastica, verniciate e metalliche come; cromo, acciaio inossidabile e alluminio.   <\/p>\n","protected":false},"excerpt":{"rendered":"<p>Protegge il gelcoat, dona lucentezza e un colore sempre pi\u00f9 intenso. Inoltre impedisce l&#8217;adesione di inquinamento e dispone di filtro UV. Sicuro per superfici in poliestere, plastica, verniciate e metalliche come; cromo, acciaio inossidabile e alluminio.  <\/p>\n","protected":false},"featured_media":1083,"comment_status":"open","ping_status":"closed","template":"","meta":[],"product_brand":[],"product_cat":[58],"product_tag":[],"class_list":{"0":"post-1082","1":"product","2":"type-product","3":"status-publish","4":"has-post-thumbnail","6":"product_cat-protezione","8":"first","9":"instock","10":"taxable","11":"shipping-taxable","12":"purchasable","13":"product-type-simple"},"_links":{"self":[{"href":"https:\/\/alphamarinepro.com\/it\/wp-json\/wp\/v2\/product\/1082","targetHints":{"allow":["GET"]}}],"collection":[{"href":"https:\/\/alphamarinepro.com\/it\/wp-json\/wp\/v2\/product"}],"about":[{"href":"https:\/\/alphamarinepro.com\/it\/wp-json\/wp\/v2\/types\/product"}],"replies":[{"embeddable":true,"href":"https:\/\/alphamarinepro.com\/it\/wp-json\/wp\/v2\/comments?post=1082"}],"wp:featuredmedia":[{"embeddable":true,"href":"https:\/\/alphamarinepro.com\/it\/wp-json\/wp\/v2\/media\/1083"}],"wp:attachment":[{"href":"https:\/\/alphamarinepro.com\/it\/wp-json\/wp\/v2\/media?parent=1082"}],"wp:term":[{"taxonomy":"product_brand","embeddable":true,"href":"https:\/\/alphamarinepro.com\/it\/wp-json\/wp\/v2\/product_brand?post=1082"},{"taxonomy":"product_cat","embeddable":true,"href":"https:\/\/alphamarinepro.com\/it\/wp-json\/wp\/v2\/product_cat?post=1082"},{"taxonomy":"product_tag","embeddable":true,"href":"https:\/\/alphamarinepro.com\/it\/wp-json\/wp\/v2\/product_tag?post=1082"}],"curies":[{"name":"wp","href":"https:\/\/api.w.org\/{rel}","templated":true}]}}