{"id":1072,"date":"2021-03-07T12:28:22","date_gmt":"2021-03-07T11:28:22","guid":{"rendered":"https:\/\/alphamarinepro.com\/product\/marine-coat\/"},"modified":"2021-05-07T16:46:50","modified_gmt":"2021-05-07T15:46:50","slug":"marine-coat","status":"publish","type":"product","link":"https:\/\/alphamarinepro.com\/it\/prodotto\/marine-coat\/","title":{"rendered":"Marine Coat"},"content":{"rendered":"<p>Marine Coat \u00c8 un sistema di protezione di alta qualit\u00e0 basato sulle tecnologie pi\u00f9 recenti e innovative. Protegge il gelcoat, dona lucentezza e un colore sempre pi\u00f9 intenso. Previene anche l&#8217;adesione dell&#8217;inquinamento. Con filtro UV. Sicuro per superfici in poliestere, plastica, verniciate e metalliche come; cromo, acciaio inossidabile e alluminio. <\/p>\n<p>Si prega di contattare Alpha Marine Pro per un preventivo.<\/p>\n","protected":false},"excerpt":{"rendered":"<p>\u00c8 un sistema di protezione di alta qualit\u00e0 basato sulle tecnologie pi\u00f9 recenti e innovative. Protegge il gelcoat, dona lucentezza e un colore sempre pi\u00f9 intenso. Inoltre impedisce l&#8217;adesione di inquinamento e dispone di filtro UV. Sicuro per superfici in poliestere, plastica, verniciate e metalliche come; cromo, acciaio inossidabile e alluminio.   <\/p>\n<p>Si prega di contattare Alpha Marine Pro per un preventivo.<\/p>\n","protected":false},"featured_media":1073,"comment_status":"open","ping_status":"closed","template":"","meta":[],"product_brand":[],"product_cat":[58],"product_tag":[],"class_list":{"0":"post-1072","1":"product","2":"type-product","3":"status-publish","4":"has-post-thumbnail","6":"product_cat-protezione","8":"first","9":"instock","10":"taxable","11":"shipping-taxable","12":"product-type-simple"},"_links":{"self":[{"href":"https:\/\/alphamarinepro.com\/it\/wp-json\/wp\/v2\/product\/1072","targetHints":{"allow":["GET"]}}],"collection":[{"href":"https:\/\/alphamarinepro.com\/it\/wp-json\/wp\/v2\/product"}],"about":[{"href":"https:\/\/alphamarinepro.com\/it\/wp-json\/wp\/v2\/types\/product"}],"replies":[{"embeddable":true,"href":"https:\/\/alphamarinepro.com\/it\/wp-json\/wp\/v2\/comments?post=1072"}],"wp:featuredmedia":[{"embeddable":true,"href":"https:\/\/alphamarinepro.com\/it\/wp-json\/wp\/v2\/media\/1073"}],"wp:attachment":[{"href":"https:\/\/alphamarinepro.com\/it\/wp-json\/wp\/v2\/media?parent=1072"}],"wp:term":[{"taxonomy":"product_brand","embeddable":true,"href":"https:\/\/alphamarinepro.com\/it\/wp-json\/wp\/v2\/product_brand?post=1072"},{"taxonomy":"product_cat","embeddable":true,"href":"https:\/\/alphamarinepro.com\/it\/wp-json\/wp\/v2\/product_cat?post=1072"},{"taxonomy":"product_tag","embeddable":true,"href":"https:\/\/alphamarinepro.com\/it\/wp-json\/wp\/v2\/product_tag?post=1072"}],"curies":[{"name":"wp","href":"https:\/\/api.w.org\/{rel}","templated":true}]}}