{"id":1062,"date":"2021-03-07T12:35:20","date_gmt":"2021-03-07T11:35:20","guid":{"rendered":"https:\/\/alphamarinepro.com\/product\/gelcoat-speed-protector\/"},"modified":"2021-05-07T16:44:14","modified_gmt":"2021-05-07T15:44:14","slug":"gelcoat-speed-protector","status":"publish","type":"product","link":"https:\/\/alphamarinepro.com\/it\/prodotto\/gelcoat-speed-protector\/","title":{"rendered":"Gelcoat Speed Protector"},"content":{"rendered":"<p>Gelcoat Speed Protector \u00c8 un agente protettivo di alta qualit\u00e0 basato sulle tecnologie pi\u00f9 innovative. Protegge il gelcoat e fornisce lucentezza e protezione extra dopo un lavaggio. Previene anche l&#8217;adesione dell&#8217;inquinamento. Sicuro per superfici in poliestere, plastica, verniciate e metalliche come; cromo, acciaio inossidabile e alluminio. Gelcoat Premium Protector si adatta perfettamente anche alla regolare manutenzione del gelcoat, cos\u00ec come per il mantenimento di un gelcoat che \u00e8 gi\u00e0 stato trattato con Marine Coat.    <\/p>\n","protected":false},"excerpt":{"rendered":"<p>\u00c8 un agente protettivo di alta qualit\u00e0 basato sulle tecnologie pi\u00f9 innovative. Protegge il gelcoat e fornisce lucentezza e protezione extra dopo un lavaggio. Previene anche l&#8217;adesione dell&#8217;inquinamento. Sicuro per superfici in poliestere, plastica, verniciate e metalliche come; cromo, acciaio inossidabile e alluminio. Gelcoat Premium Protector si adatta perfettamente anche alla regolare manutenzione del gelcoat, cos\u00ec come per il mantenimento di un gelcoat che \u00e8 gi\u00e0 stato trattato con Marine Coat.  <\/p>\n","protected":false},"featured_media":1063,"comment_status":"open","ping_status":"closed","template":"","meta":[],"product_brand":[],"product_cat":[58],"product_tag":[],"class_list":{"0":"post-1062","1":"product","2":"type-product","3":"status-publish","4":"has-post-thumbnail","6":"product_cat-protezione","8":"first","9":"instock","10":"taxable","11":"shipping-taxable","12":"purchasable","13":"product-type-simple"},"_links":{"self":[{"href":"https:\/\/alphamarinepro.com\/it\/wp-json\/wp\/v2\/product\/1062","targetHints":{"allow":["GET"]}}],"collection":[{"href":"https:\/\/alphamarinepro.com\/it\/wp-json\/wp\/v2\/product"}],"about":[{"href":"https:\/\/alphamarinepro.com\/it\/wp-json\/wp\/v2\/types\/product"}],"replies":[{"embeddable":true,"href":"https:\/\/alphamarinepro.com\/it\/wp-json\/wp\/v2\/comments?post=1062"}],"wp:featuredmedia":[{"embeddable":true,"href":"https:\/\/alphamarinepro.com\/it\/wp-json\/wp\/v2\/media\/1063"}],"wp:attachment":[{"href":"https:\/\/alphamarinepro.com\/it\/wp-json\/wp\/v2\/media?parent=1062"}],"wp:term":[{"taxonomy":"product_brand","embeddable":true,"href":"https:\/\/alphamarinepro.com\/it\/wp-json\/wp\/v2\/product_brand?post=1062"},{"taxonomy":"product_cat","embeddable":true,"href":"https:\/\/alphamarinepro.com\/it\/wp-json\/wp\/v2\/product_cat?post=1062"},{"taxonomy":"product_tag","embeddable":true,"href":"https:\/\/alphamarinepro.com\/it\/wp-json\/wp\/v2\/product_tag?post=1062"}],"curies":[{"name":"wp","href":"https:\/\/api.w.org\/{rel}","templated":true}]}}