{"id":1046,"date":"2021-03-07T12:38:15","date_gmt":"2021-03-07T11:38:15","guid":{"rendered":"https:\/\/alphamarinepro.com\/product\/renotop-marine-1-k\/"},"modified":"2021-07-06T12:14:39","modified_gmt":"2021-07-06T11:14:39","slug":"renotop-marine-1-k","status":"publish","type":"product","link":"https:\/\/alphamarinepro.com\/it\/prodotto\/renotop-marine-1-k\/","title":{"rendered":"RenoTop Marine 1-K"},"content":{"rendered":"<p>RenoTop Marine 1-K \u00e8 una vernice poliuretanica\/alchidica monocomponente ad essiccazione ossidativa ad alta brillantezza sviluppata per il settore offshore. Il rivestimento ha eccellenti propriet\u00e0 di scorrimento ed \u00e8 facile da applicare a pennello, rullo o spruzzo. RenoTop Marine 1-K ha un&#8217;eccellente ritenzione della brillantezza e una propagazione della fiamma molto bassa. RenoTop Marine 1-K offre una protezione duratura con propriet\u00e0 facili da pulire, in modo che la contaminazione rinnovata aderisca meno rapidamente ed \u00e8 quindi pi\u00f9 facile da rimuovere. RenoTop Marine 1-K \u00e8 disponibile in tutti i colori RAL. La ritenzione del colore e della brillantezza delle finiture\/finiture pu\u00f2 variare a seconda del tipo di colore; esposizione all&#8217;ambiente come temperatura, intensit\u00e0 UV, ecc.; e la qualit\u00e0 dell&#8217;applicazione.  <\/p>\n<p> Per ulteriori informazioni, contattare Alpha Marine Pro.<\/p>\n","protected":false},"excerpt":{"rendered":"<p>\u00c8 una vernice poliuretanica \/ alchidica ad essiccazione ossidativa monocomponente ad alta brillantezza sviluppata per il settore offshore. Il rivestimento ha eccellenti propriet\u00e0 di scorrimento ed \u00e8 facile da applicare, ad esempio, con un pennello, un rullo o uno spruzzatore. RenoTop Marine ha eccellenti propriet\u00e0 di ritenzione della brillantezza e ha anche una propagazione della fiamma molto bassa.  <\/p>\n","protected":false},"featured_media":1055,"comment_status":"open","ping_status":"closed","template":"","meta":[],"product_brand":[],"product_cat":[58],"product_tag":[],"class_list":{"0":"post-1046","1":"product","2":"type-product","3":"status-publish","4":"has-post-thumbnail","6":"product_cat-protezione","8":"first","9":"instock","10":"taxable","11":"shipping-taxable","12":"purchasable","13":"product-type-simple"},"_links":{"self":[{"href":"https:\/\/alphamarinepro.com\/it\/wp-json\/wp\/v2\/product\/1046","targetHints":{"allow":["GET"]}}],"collection":[{"href":"https:\/\/alphamarinepro.com\/it\/wp-json\/wp\/v2\/product"}],"about":[{"href":"https:\/\/alphamarinepro.com\/it\/wp-json\/wp\/v2\/types\/product"}],"replies":[{"embeddable":true,"href":"https:\/\/alphamarinepro.com\/it\/wp-json\/wp\/v2\/comments?post=1046"}],"wp:featuredmedia":[{"embeddable":true,"href":"https:\/\/alphamarinepro.com\/it\/wp-json\/wp\/v2\/media\/1055"}],"wp:attachment":[{"href":"https:\/\/alphamarinepro.com\/it\/wp-json\/wp\/v2\/media?parent=1046"}],"wp:term":[{"taxonomy":"product_brand","embeddable":true,"href":"https:\/\/alphamarinepro.com\/it\/wp-json\/wp\/v2\/product_brand?post=1046"},{"taxonomy":"product_cat","embeddable":true,"href":"https:\/\/alphamarinepro.com\/it\/wp-json\/wp\/v2\/product_cat?post=1046"},{"taxonomy":"product_tag","embeddable":true,"href":"https:\/\/alphamarinepro.com\/it\/wp-json\/wp\/v2\/product_tag?post=1046"}],"curies":[{"name":"wp","href":"https:\/\/api.w.org\/{rel}","templated":true}]}}