{"id":4314,"date":"2023-04-16T12:51:30","date_gmt":"2023-04-16T11:54:23","guid":{"rendered":"https:\/\/alphamarinepro.com\/product\/vikan-hand-brush-hard-black\/"},"modified":"2023-04-16T12:54:23","modified_gmt":"2023-04-16T11:54:23","slug":"vikan-hand-brush-hard-black","status":"publish","type":"product","link":"https:\/\/alphamarinepro.com\/fr\/produit\/vikan-hand-brush-hard-black\/","title":{"rendered":"Vikan &#8211; Hand Brush, Hard, Black"},"content":{"rendered":"<p>Cette brosse Vikan est une brosse \u00e0 main avec des fibres dures qui peut \u00eatre utilis\u00e9e pour nettoyer les endroits difficiles d&rsquo;acc\u00e8s tels que sous et entre les si\u00e8ges, ou pour frotter les ponts en teck.<\/p>\n","protected":false},"excerpt":{"rendered":"<p>Cette brosse Vikan est une brosse \u00e0 main avec des fibres dures qui peut \u00eatre utilis\u00e9e pour nettoyer les endroits difficiles d&rsquo;acc\u00e8s tels que sous et entre les si\u00e8ges, ou pour frotter les ponts en teck.<\/p>\n","protected":false},"featured_media":4296,"comment_status":"open","ping_status":"closed","template":"","meta":[],"product_brand":[],"product_cat":[79],"product_tag":[],"class_list":{"0":"post-4314","1":"product","2":"type-product","3":"status-publish","4":"has-post-thumbnail","6":"product_cat-vikan-fr","8":"first","9":"instock","10":"taxable","11":"shipping-taxable","12":"purchasable","13":"product-type-simple"},"_links":{"self":[{"href":"https:\/\/alphamarinepro.com\/fr\/wp-json\/wp\/v2\/product\/4314","targetHints":{"allow":["GET"]}}],"collection":[{"href":"https:\/\/alphamarinepro.com\/fr\/wp-json\/wp\/v2\/product"}],"about":[{"href":"https:\/\/alphamarinepro.com\/fr\/wp-json\/wp\/v2\/types\/product"}],"replies":[{"embeddable":true,"href":"https:\/\/alphamarinepro.com\/fr\/wp-json\/wp\/v2\/comments?post=4314"}],"wp:featuredmedia":[{"embeddable":true,"href":"https:\/\/alphamarinepro.com\/fr\/wp-json\/wp\/v2\/media\/4296"}],"wp:attachment":[{"href":"https:\/\/alphamarinepro.com\/fr\/wp-json\/wp\/v2\/media?parent=4314"}],"wp:term":[{"taxonomy":"product_brand","embeddable":true,"href":"https:\/\/alphamarinepro.com\/fr\/wp-json\/wp\/v2\/product_brand?post=4314"},{"taxonomy":"product_cat","embeddable":true,"href":"https:\/\/alphamarinepro.com\/fr\/wp-json\/wp\/v2\/product_cat?post=4314"},{"taxonomy":"product_tag","embeddable":true,"href":"https:\/\/alphamarinepro.com\/fr\/wp-json\/wp\/v2\/product_tag?post=4314"}],"curies":[{"name":"wp","href":"https:\/\/api.w.org\/{rel}","templated":true}]}}