{"id":3964,"date":"2022-09-10T18:13:09","date_gmt":"2022-09-10T17:43:04","guid":{"rendered":"https:\/\/alphamarinepro.com\/product\/vikan-brosse-dangle-souple-fendue-noir-alimentation-en-eau\/"},"modified":"2022-09-10T18:43:04","modified_gmt":"2022-09-10T17:43:04","slug":"vikan-corner-brush-soft-split-black-waterfedvikan-brosse-dangle-souple-fendue-noir-alimentation-en-eau","status":"publish","type":"product","link":"https:\/\/alphamarinepro.com\/fr\/produit\/vikan-corner-brush-soft-split-black-waterfedvikan-brosse-dangle-souple-fendue-noir-alimentation-en-eau\/","title":{"rendered":"Vikan &#8211; Brosse d&rsquo;angle, Souple\/fendue, Noir (alimentation en eau)"},"content":{"rendered":"<p>Avec sa conception \u00e0 poils inclin\u00e9s, cette brosse de lavage \u00e0 eau maintient le contact avec les surfaces et facilite le lavage, par exemple la coque du navire, et elle est compatible avec une s\u00e9lection de manches t\u00e9lescopiques \u00e0 eau Vikan.<\/p>\n","protected":false},"excerpt":{"rendered":"<p>Nettoyez efficacement votre coque gr\u00e2ce \u00e0 cette grande brosse coud\u00e9e aliment\u00e9e en eau.<\/p>\n","protected":false},"featured_media":3946,"comment_status":"open","ping_status":"closed","template":"","meta":[],"product_brand":[],"product_cat":[79],"product_tag":[],"class_list":{"0":"post-3964","1":"product","2":"type-product","3":"status-publish","4":"has-post-thumbnail","6":"product_cat-vikan-fr","8":"first","9":"instock","10":"taxable","11":"shipping-taxable","12":"purchasable","13":"product-type-simple"},"_links":{"self":[{"href":"https:\/\/alphamarinepro.com\/fr\/wp-json\/wp\/v2\/product\/3964","targetHints":{"allow":["GET"]}}],"collection":[{"href":"https:\/\/alphamarinepro.com\/fr\/wp-json\/wp\/v2\/product"}],"about":[{"href":"https:\/\/alphamarinepro.com\/fr\/wp-json\/wp\/v2\/types\/product"}],"replies":[{"embeddable":true,"href":"https:\/\/alphamarinepro.com\/fr\/wp-json\/wp\/v2\/comments?post=3964"}],"wp:featuredmedia":[{"embeddable":true,"href":"https:\/\/alphamarinepro.com\/fr\/wp-json\/wp\/v2\/media\/3946"}],"wp:attachment":[{"href":"https:\/\/alphamarinepro.com\/fr\/wp-json\/wp\/v2\/media?parent=3964"}],"wp:term":[{"taxonomy":"product_brand","embeddable":true,"href":"https:\/\/alphamarinepro.com\/fr\/wp-json\/wp\/v2\/product_brand?post=3964"},{"taxonomy":"product_cat","embeddable":true,"href":"https:\/\/alphamarinepro.com\/fr\/wp-json\/wp\/v2\/product_cat?post=3964"},{"taxonomy":"product_tag","embeddable":true,"href":"https:\/\/alphamarinepro.com\/fr\/wp-json\/wp\/v2\/product_tag?post=3964"}],"curies":[{"name":"wp","href":"https:\/\/api.w.org\/{rel}","templated":true}]}}