{"id":3921,"date":"2022-09-10T14:36:34","date_gmt":"2022-09-10T13:49:37","guid":{"rendered":"https:\/\/alphamarinepro.com\/product\/aerosol-renotop-marine-1-k\/"},"modified":"2022-09-10T14:49:37","modified_gmt":"2022-09-10T13:49:37","slug":"renotop-marine-1-k-spray-2","status":"publish","type":"product","link":"https:\/\/alphamarinepro.com\/fr\/produit\/renotop-marine-1-k-spray-2\/","title":{"rendered":"A\u00e9rosol RenoTop Marine 1-K"},"content":{"rendered":"<p>RenoTop Marine 1-K est une peinture polyur\u00e9thane\/alkyde \u00e0 s\u00e9chage oxydatif monocomposant haute brillance d\u00e9velopp\u00e9e pour le secteur offshore. La peinture a d&rsquo;excellentes propri\u00e9t\u00e9s d&rsquo;\u00e9coulement et est facile \u00e0 appliquer au pinceau, au rouleau ou au pulv\u00e9risateur. RenoTop Marine 1-K poss\u00e8de d&rsquo;excellentes propri\u00e9t\u00e9s de r\u00e9tention de la brillance et une tr\u00e8s faible propagation des flammes.<br \/>\nRenoTop Marine 1-K offre une protection durable avec des propri\u00e9t\u00e9s faciles \u00e0 nettoyer, ce qui rend la contamination renouvel\u00e9e moins susceptible d&rsquo;adh\u00e9rer et donc plus facile \u00e0 \u00e9liminer. RenoTop Marine 1-K est disponible dans toutes les couleurs RAL.<br \/>\nLa r\u00e9tention de la couleur et de la brillance des couches de finition\/finis peut varier selon le type de couleur ; l&rsquo;exposition \u00e0 l&rsquo;environnement comme la temp\u00e9rature, l&rsquo;intensit\u00e9 des UV, etc. ; et la qualit\u00e9 de l&rsquo;application. Pour plus d&rsquo;informations, veuillez contacter Alpha Marine Pro.<\/p>\n","protected":false},"excerpt":{"rendered":"<p>Notre RenoTop Marine est d\u00e9sormais \u00e9galement disponible en peinture en a\u00e9rosol !!<\/p>\n<p>RenoTop Marine est une laque polyur\u00e9thane \/ alkyde haute brillance d\u00e9velopp\u00e9e pour le secteur offshore. La peinture a d&rsquo;excellentes propri\u00e9t\u00e9s d&rsquo;\u00e9coulement et est facile \u00e0 appliquer, maintenant votre couleur RAL de choix \u00e9galement dans une bombe a\u00e9rosol.<\/p>\n","protected":false},"featured_media":3916,"comment_status":"open","ping_status":"closed","template":"","meta":[],"product_brand":[],"product_cat":[47,45],"product_tag":[],"class_list":{"0":"post-3921","1":"product","2":"type-product","3":"status-publish","4":"has-post-thumbnail","6":"product_cat-le-magasin","7":"product_cat-protection-fr","9":"first","10":"instock","11":"taxable","12":"shipping-taxable","13":"purchasable","14":"product-type-simple"},"_links":{"self":[{"href":"https:\/\/alphamarinepro.com\/fr\/wp-json\/wp\/v2\/product\/3921","targetHints":{"allow":["GET"]}}],"collection":[{"href":"https:\/\/alphamarinepro.com\/fr\/wp-json\/wp\/v2\/product"}],"about":[{"href":"https:\/\/alphamarinepro.com\/fr\/wp-json\/wp\/v2\/types\/product"}],"replies":[{"embeddable":true,"href":"https:\/\/alphamarinepro.com\/fr\/wp-json\/wp\/v2\/comments?post=3921"}],"wp:featuredmedia":[{"embeddable":true,"href":"https:\/\/alphamarinepro.com\/fr\/wp-json\/wp\/v2\/media\/3916"}],"wp:attachment":[{"href":"https:\/\/alphamarinepro.com\/fr\/wp-json\/wp\/v2\/media?parent=3921"}],"wp:term":[{"taxonomy":"product_brand","embeddable":true,"href":"https:\/\/alphamarinepro.com\/fr\/wp-json\/wp\/v2\/product_brand?post=3921"},{"taxonomy":"product_cat","embeddable":true,"href":"https:\/\/alphamarinepro.com\/fr\/wp-json\/wp\/v2\/product_cat?post=3921"},{"taxonomy":"product_tag","embeddable":true,"href":"https:\/\/alphamarinepro.com\/fr\/wp-json\/wp\/v2\/product_tag?post=3921"}],"curies":[{"name":"wp","href":"https:\/\/api.w.org\/{rel}","templated":true}]}}