{"id":2684,"date":"2021-07-07T09:16:46","date_gmt":"2021-07-07T08:27:03","guid":{"rendered":"https:\/\/alphamarinepro.com\/product\/oxifresh\/"},"modified":"2021-07-07T09:27:05","modified_gmt":"2021-07-07T08:27:05","slug":"oxifresh","status":"publish","type":"product","link":"https:\/\/alphamarinepro.com\/fr\/produit\/oxifresh\/","title":{"rendered":"OxiFresh"},"content":{"rendered":"<p>OxiFresh est un produit de nettoyage innovant, puissant et puissant qui r\u00e9duit les germes et encapsule les odeurs. Il d\u00e9compose les odeurs d\u00e9sagr\u00e9ables en encapsulant les mol\u00e9cules odorantes. Imm\u00e9diatement apr\u00e8s utilisation, d\u00e9gage un parfum agr\u00e9able pour que la zone trait\u00e9e puisse \u00eatre r\u00e9utilis\u00e9e. En raison de la composition unique, la puanteur se d\u00e9compose rapidement et facilement et la pi\u00e8ce sent \u00e0 nouveau fra\u00eeche et agr\u00e9able.   <\/p>\n","protected":false},"excerpt":{"rendered":"<p>Un produit de nettoyage innovant, puissant et aussi g\u00e9nial ! Il \u00e9limine les odeurs d\u00e9sagr\u00e9ables pour que la pi\u00e8ce sente \u00e0 nouveau fra\u00eeche et agr\u00e9able. <\/p>\n","protected":false},"featured_media":2724,"comment_status":"open","ping_status":"closed","template":"","meta":[],"product_brand":[],"product_cat":[63],"product_tag":[],"class_list":{"0":"post-2684","1":"product","2":"type-product","3":"status-publish","4":"has-post-thumbnail","6":"product_cat-des-solutions-sur-mesure","8":"first","9":"instock","10":"taxable","11":"shipping-taxable","12":"purchasable","13":"product-type-simple"},"_links":{"self":[{"href":"https:\/\/alphamarinepro.com\/fr\/wp-json\/wp\/v2\/product\/2684","targetHints":{"allow":["GET"]}}],"collection":[{"href":"https:\/\/alphamarinepro.com\/fr\/wp-json\/wp\/v2\/product"}],"about":[{"href":"https:\/\/alphamarinepro.com\/fr\/wp-json\/wp\/v2\/types\/product"}],"replies":[{"embeddable":true,"href":"https:\/\/alphamarinepro.com\/fr\/wp-json\/wp\/v2\/comments?post=2684"}],"wp:featuredmedia":[{"embeddable":true,"href":"https:\/\/alphamarinepro.com\/fr\/wp-json\/wp\/v2\/media\/2724"}],"wp:attachment":[{"href":"https:\/\/alphamarinepro.com\/fr\/wp-json\/wp\/v2\/media?parent=2684"}],"wp:term":[{"taxonomy":"product_brand","embeddable":true,"href":"https:\/\/alphamarinepro.com\/fr\/wp-json\/wp\/v2\/product_brand?post=2684"},{"taxonomy":"product_cat","embeddable":true,"href":"https:\/\/alphamarinepro.com\/fr\/wp-json\/wp\/v2\/product_cat?post=2684"},{"taxonomy":"product_tag","embeddable":true,"href":"https:\/\/alphamarinepro.com\/fr\/wp-json\/wp\/v2\/product_tag?post=2684"}],"curies":[{"name":"wp","href":"https:\/\/api.w.org\/{rel}","templated":true}]}}