{"id":2676,"date":"2021-07-06T19:15:55","date_gmt":"2021-07-07T07:54:15","guid":{"rendered":"https:\/\/alphamarinepro.com\/product\/plastic-window-cleaner\/"},"modified":"2021-11-01T15:02:07","modified_gmt":"2021-11-01T14:02:07","slug":"plastic-window-cleaner","status":"publish","type":"product","link":"https:\/\/alphamarinepro.com\/fr\/produit\/plastic-window-cleaner\/","title":{"rendered":"Plastic Window Cleaner"},"content":{"rendered":"<p>Plastic Window Cleaner est un nettoyant synth\u00e9tique sans abrasif. Le nettoyant pour vitres en plastique d\u00e9loge la pollution sans endommager la surface. En raison de la composition innovante, la contamination peut \u00eatre facilement \u00e9limin\u00e9e. Le nettoyant pour vitres en plastique laisse \u00e9galement une couche de polym\u00e8re ultra-mince qui prot\u00e8ge et lisse la surface. Le nettoyant pour vitres en plastique \u00e9limine tous les d\u00e9p\u00f4ts de la surface, tout en \u00e9liminant la brume g\u00eanante.    <\/p>\n<p>Le nettoyant pour vitres en plastique peut \u00eatre utilis\u00e9 sur presque toutes les surfaces en vinyle et en acrylique telles que les fen\u00eatres, les bancs, etc. Le nettoyant pour vitres en plastique est un nettoyant fourni en a\u00e9rosol. Cela permet une application et un dosage faciles.  <\/p>\n","protected":false},"excerpt":{"rendered":"<p>Ce fantastique nettoyant pour vitres d\u00e9loge la pollution sans endommager la surface, laisse \u00e9galement une couche de polym\u00e8re ultra-mince qui prot\u00e8ge et lisse la surface.<\/p>\n","protected":false},"featured_media":2787,"comment_status":"open","ping_status":"closed","template":"","meta":[],"product_brand":[],"product_cat":[55],"product_tag":[],"class_list":{"0":"post-2676","1":"product","2":"type-product","3":"status-publish","4":"has-post-thumbnail","6":"product_cat-nettoyage","8":"first","9":"instock","10":"taxable","11":"shipping-taxable","12":"purchasable","13":"product-type-simple"},"_links":{"self":[{"href":"https:\/\/alphamarinepro.com\/fr\/wp-json\/wp\/v2\/product\/2676","targetHints":{"allow":["GET"]}}],"collection":[{"href":"https:\/\/alphamarinepro.com\/fr\/wp-json\/wp\/v2\/product"}],"about":[{"href":"https:\/\/alphamarinepro.com\/fr\/wp-json\/wp\/v2\/types\/product"}],"replies":[{"embeddable":true,"href":"https:\/\/alphamarinepro.com\/fr\/wp-json\/wp\/v2\/comments?post=2676"}],"wp:featuredmedia":[{"embeddable":true,"href":"https:\/\/alphamarinepro.com\/fr\/wp-json\/wp\/v2\/media\/2787"}],"wp:attachment":[{"href":"https:\/\/alphamarinepro.com\/fr\/wp-json\/wp\/v2\/media?parent=2676"}],"wp:term":[{"taxonomy":"product_brand","embeddable":true,"href":"https:\/\/alphamarinepro.com\/fr\/wp-json\/wp\/v2\/product_brand?post=2676"},{"taxonomy":"product_cat","embeddable":true,"href":"https:\/\/alphamarinepro.com\/fr\/wp-json\/wp\/v2\/product_cat?post=2676"},{"taxonomy":"product_tag","embeddable":true,"href":"https:\/\/alphamarinepro.com\/fr\/wp-json\/wp\/v2\/product_tag?post=2676"}],"curies":[{"name":"wp","href":"https:\/\/api.w.org\/{rel}","templated":true}]}}