{"id":2215,"date":"2021-06-21T16:12:17","date_gmt":"2021-06-21T15:17:23","guid":{"rendered":"https:\/\/alphamarinepro.com\/product\/vikan-cleaning-kit\/"},"modified":"2021-07-07T09:32:48","modified_gmt":"2021-07-07T08:32:48","slug":"vikan-cleaning-kit","status":"publish","type":"product","link":"https:\/\/alphamarinepro.com\/fr\/produit\/vikan-cleaning-kit\/","title":{"rendered":"Vikan Cleaning Kit"},"content":{"rendered":"<p>Ce pack de d\u00e9marrage complet avec diverses brosses \u00e0 main, brosse de lavage, brosse \u00e0 roue et manche t\u00e9lescopique : 1 x (522252) Brosse pour v\u00e9hicule avec manche long, souple\/fendue, 1 x 525252 Brosse pour v\u00e9hicule polyvalente pour petites surfaces, 1 x 526852 Brosse pour v\u00e9hicule, aliment\u00e9e en eau, 250 mm, souple\/fendue, 1 x 525052 Brosse pour jantes, 65 mm, noir, 1 x 297152C Poign\u00e9e t\u00e9lescopique en aluminium \u00e0 alimentation par encliquetage, 1060, 1600 mm.<\/p>\n","protected":false},"excerpt":{"rendered":"<p>Tout de Vikan \u00e0 port\u00e9e de main dans cette bo\u00eete de rangement pratique.<\/p>\n","protected":false},"featured_media":2174,"comment_status":"open","ping_status":"closed","template":"","meta":[],"product_brand":[],"product_cat":[79],"product_tag":[],"class_list":{"0":"post-2215","1":"product","2":"type-product","3":"status-publish","4":"has-post-thumbnail","6":"product_cat-vikan-fr","8":"first","9":"instock","10":"sale","11":"taxable","12":"shipping-taxable","13":"purchasable","14":"product-type-simple"},"_links":{"self":[{"href":"https:\/\/alphamarinepro.com\/fr\/wp-json\/wp\/v2\/product\/2215","targetHints":{"allow":["GET"]}}],"collection":[{"href":"https:\/\/alphamarinepro.com\/fr\/wp-json\/wp\/v2\/product"}],"about":[{"href":"https:\/\/alphamarinepro.com\/fr\/wp-json\/wp\/v2\/types\/product"}],"replies":[{"embeddable":true,"href":"https:\/\/alphamarinepro.com\/fr\/wp-json\/wp\/v2\/comments?post=2215"}],"wp:featuredmedia":[{"embeddable":true,"href":"https:\/\/alphamarinepro.com\/fr\/wp-json\/wp\/v2\/media\/2174"}],"wp:attachment":[{"href":"https:\/\/alphamarinepro.com\/fr\/wp-json\/wp\/v2\/media?parent=2215"}],"wp:term":[{"taxonomy":"product_brand","embeddable":true,"href":"https:\/\/alphamarinepro.com\/fr\/wp-json\/wp\/v2\/product_brand?post=2215"},{"taxonomy":"product_cat","embeddable":true,"href":"https:\/\/alphamarinepro.com\/fr\/wp-json\/wp\/v2\/product_cat?post=2215"},{"taxonomy":"product_tag","embeddable":true,"href":"https:\/\/alphamarinepro.com\/fr\/wp-json\/wp\/v2\/product_tag?post=2215"}],"curies":[{"name":"wp","href":"https:\/\/api.w.org\/{rel}","templated":true}]}}