{"id":1262,"date":"2021-03-07T09:10:53","date_gmt":"2021-03-07T08:10:53","guid":{"rendered":"https:\/\/alphamarinepro.com\/product\/bilge-grey-black-water-treatment-1-ltr\/"},"modified":"2021-05-08T17:36:15","modified_gmt":"2021-05-08T16:36:15","slug":"bilge-grey-black-water-treatment-1-ltr","status":"publish","type":"product","link":"https:\/\/alphamarinepro.com\/fr\/produit\/bilge-grey-black-water-treatment-1-ltr\/","title":{"rendered":"Bilge, Grey &amp; Black Water Treatment"},"content":{"rendered":"<p>Le traitement des eaux de cale, grises et noires est un produit \u00e0 base d&rsquo;enzymes pour pr\u00e9venir les odeurs d\u00e9sagr\u00e9ables et convertir la pollution dans les r\u00e9servoirs d&rsquo;eaux de cale, grises et noires. Les enzymes convertissent les mati\u00e8res f\u00e9cales et autres contaminants dans le r\u00e9servoir, de sorte que le contenu peut \u00eatre \u00e9vacu\u00e9 en toute s\u00e9curit\u00e9 et sans odeurs. Il peut \u00e9galement \u00eatre utilis\u00e9 en p\u00e9riode hivernale pour \u00e9viter les odeurs d\u00e9sagr\u00e9ables dans le bateau. Sans danger pour les tuyaux et les caoutchoucs. 100% biod\u00e9gradable.    <\/p>\n","protected":false},"excerpt":{"rendered":"<p>Est un produit \u00e0 base d&rsquo;enzymes pour \u00e9viter les odeurs d\u00e9sagr\u00e9ables et convertir la pollution dans les r\u00e9servoirs de cale, d&rsquo;eaux grises et noires afin qu&rsquo;il puisse \u00eatre \u00e9vacu\u00e9 en toute s\u00e9curit\u00e9 sans odeurs. Il peut \u00e9galement \u00eatre utilis\u00e9 en p\u00e9riode hivernale pour \u00e9viter les odeurs d\u00e9sagr\u00e9ables dans le bateau. Sans danger pour les tuyaux et les caoutchoucs. 100% biod\u00e9gradable.   <\/p>\n","protected":false},"featured_media":1263,"comment_status":"open","ping_status":"closed","template":"","meta":[],"product_brand":[],"product_cat":[63],"product_tag":[],"class_list":{"0":"post-1262","1":"product","2":"type-product","3":"status-publish","4":"has-post-thumbnail","6":"product_cat-des-solutions-sur-mesure","8":"first","9":"instock","10":"taxable","11":"shipping-taxable","12":"purchasable","13":"product-type-variable"},"_links":{"self":[{"href":"https:\/\/alphamarinepro.com\/fr\/wp-json\/wp\/v2\/product\/1262","targetHints":{"allow":["GET"]}}],"collection":[{"href":"https:\/\/alphamarinepro.com\/fr\/wp-json\/wp\/v2\/product"}],"about":[{"href":"https:\/\/alphamarinepro.com\/fr\/wp-json\/wp\/v2\/types\/product"}],"replies":[{"embeddable":true,"href":"https:\/\/alphamarinepro.com\/fr\/wp-json\/wp\/v2\/comments?post=1262"}],"wp:featuredmedia":[{"embeddable":true,"href":"https:\/\/alphamarinepro.com\/fr\/wp-json\/wp\/v2\/media\/1263"}],"wp:attachment":[{"href":"https:\/\/alphamarinepro.com\/fr\/wp-json\/wp\/v2\/media?parent=1262"}],"wp:term":[{"taxonomy":"product_brand","embeddable":true,"href":"https:\/\/alphamarinepro.com\/fr\/wp-json\/wp\/v2\/product_brand?post=1262"},{"taxonomy":"product_cat","embeddable":true,"href":"https:\/\/alphamarinepro.com\/fr\/wp-json\/wp\/v2\/product_cat?post=1262"},{"taxonomy":"product_tag","embeddable":true,"href":"https:\/\/alphamarinepro.com\/fr\/wp-json\/wp\/v2\/product_tag?post=1262"}],"curies":[{"name":"wp","href":"https:\/\/api.w.org\/{rel}","templated":true}]}}