{"id":1241,"date":"2021-03-07T11:55:05","date_gmt":"2021-03-07T10:55:05","guid":{"rendered":"https:\/\/alphamarinepro.com\/product\/hull-deck-cleaner-pro\/"},"modified":"2021-05-08T17:30:45","modified_gmt":"2021-05-08T16:30:45","slug":"hull-deck-cleaner-pro","status":"publish","type":"product","link":"https:\/\/alphamarinepro.com\/fr\/produit\/hull-deck-cleaner-pro\/","title":{"rendered":"Hull &amp; Deck Cleaner Pro"},"content":{"rendered":"<p>Hull &amp; Deck Cleaner Pro est un nettoyant alcalin qui nettoie rapidement et facilement les surfaces de teck et de polyester alt\u00e9r\u00e9es et sales. Les anciennes couches de cire sur la coque, par exemple, sont \u00e9galement faciles \u00e0 enlever avec Hull &amp; Deck Cleaner Pro. Hull &amp; Deck Cleaner Pro est excellent \u00e0 utiliser en combinaison avec Deep Clean. Convient pour une utilisation sur le polyester, le chrome, l&rsquo;acier inoxydable et d&rsquo;autres surfaces m\u00e9talliques.   <\/p>\n","protected":false},"excerpt":{"rendered":"<p>Un nettoyant alcalin qui nettoie facilement et efficacement les surfaces de teck et de polyester alt\u00e9r\u00e9es et sales. Les anciennes couches de cire sont \u00e9galement faciles \u00e0 enlever avec Hull &amp; Deck Cleaner Pro. <\/p>\n","protected":false},"featured_media":1242,"comment_status":"open","ping_status":"closed","template":"","meta":[],"product_brand":[],"product_cat":[55],"product_tag":[],"class_list":{"0":"post-1241","1":"product","2":"type-product","3":"status-publish","4":"has-post-thumbnail","6":"product_cat-nettoyage","8":"first","9":"instock","10":"taxable","11":"shipping-taxable","12":"purchasable","13":"product-type-variable"},"_links":{"self":[{"href":"https:\/\/alphamarinepro.com\/fr\/wp-json\/wp\/v2\/product\/1241","targetHints":{"allow":["GET"]}}],"collection":[{"href":"https:\/\/alphamarinepro.com\/fr\/wp-json\/wp\/v2\/product"}],"about":[{"href":"https:\/\/alphamarinepro.com\/fr\/wp-json\/wp\/v2\/types\/product"}],"replies":[{"embeddable":true,"href":"https:\/\/alphamarinepro.com\/fr\/wp-json\/wp\/v2\/comments?post=1241"}],"wp:featuredmedia":[{"embeddable":true,"href":"https:\/\/alphamarinepro.com\/fr\/wp-json\/wp\/v2\/media\/1242"}],"wp:attachment":[{"href":"https:\/\/alphamarinepro.com\/fr\/wp-json\/wp\/v2\/media?parent=1241"}],"wp:term":[{"taxonomy":"product_brand","embeddable":true,"href":"https:\/\/alphamarinepro.com\/fr\/wp-json\/wp\/v2\/product_brand?post=1241"},{"taxonomy":"product_cat","embeddable":true,"href":"https:\/\/alphamarinepro.com\/fr\/wp-json\/wp\/v2\/product_cat?post=1241"},{"taxonomy":"product_tag","embeddable":true,"href":"https:\/\/alphamarinepro.com\/fr\/wp-json\/wp\/v2\/product_tag?post=1241"}],"curies":[{"name":"wp","href":"https:\/\/api.w.org\/{rel}","templated":true}]}}