{"id":1237,"date":"2021-03-07T11:57:21","date_gmt":"2021-03-07T10:57:21","guid":{"rendered":"https:\/\/alphamarinepro.com\/product\/hull-cleaner-hard\/"},"modified":"2021-05-08T15:59:55","modified_gmt":"2021-05-08T14:59:55","slug":"hull-cleaner-hard","status":"publish","type":"product","link":"https:\/\/alphamarinepro.com\/fr\/produit\/hull-cleaner-hard\/","title":{"rendered":"Hull Cleaner Hard"},"content":{"rendered":"<p>Hull Cleaner Hard est un agent de nettoyage efficace pour \u00e9liminer les contaminations dures telles que les d\u00e9p\u00f4ts d&rsquo;eau jaune, le calcaire, la rouille et autres contaminants sur la coque et le fond. Sans danger pour le polyester et les surfaces peintes lorsqu&rsquo;il est utilis\u00e9 correctement. Hull &amp; Deck Cleaner Hard est \u00e9galement excellent \u00e0 utiliser en combinaison avec Deep Clean.  <\/p>\n","protected":false},"excerpt":{"rendered":"<p>\u00c9limine facilement et efficacement les contaminations dures telles que les d\u00e9p\u00f4ts d&rsquo;eau jaunes, le calcaire, la rouille et autres contaminations sur la coque et le fond. Il est sans danger pour le polyester et les surfaces peintes lorsqu&rsquo;il est utilis\u00e9 correctement. <\/p>\n","protected":false},"featured_media":1238,"comment_status":"open","ping_status":"closed","template":"","meta":[],"product_brand":[],"product_cat":[55],"product_tag":[],"class_list":{"0":"post-1237","1":"product","2":"type-product","3":"status-publish","4":"has-post-thumbnail","6":"product_cat-nettoyage","8":"first","9":"instock","10":"taxable","11":"shipping-taxable","12":"purchasable","13":"product-type-variable"},"_links":{"self":[{"href":"https:\/\/alphamarinepro.com\/fr\/wp-json\/wp\/v2\/product\/1237","targetHints":{"allow":["GET"]}}],"collection":[{"href":"https:\/\/alphamarinepro.com\/fr\/wp-json\/wp\/v2\/product"}],"about":[{"href":"https:\/\/alphamarinepro.com\/fr\/wp-json\/wp\/v2\/types\/product"}],"replies":[{"embeddable":true,"href":"https:\/\/alphamarinepro.com\/fr\/wp-json\/wp\/v2\/comments?post=1237"}],"wp:featuredmedia":[{"embeddable":true,"href":"https:\/\/alphamarinepro.com\/fr\/wp-json\/wp\/v2\/media\/1238"}],"wp:attachment":[{"href":"https:\/\/alphamarinepro.com\/fr\/wp-json\/wp\/v2\/media?parent=1237"}],"wp:term":[{"taxonomy":"product_brand","embeddable":true,"href":"https:\/\/alphamarinepro.com\/fr\/wp-json\/wp\/v2\/product_brand?post=1237"},{"taxonomy":"product_cat","embeddable":true,"href":"https:\/\/alphamarinepro.com\/fr\/wp-json\/wp\/v2\/product_cat?post=1237"},{"taxonomy":"product_tag","embeddable":true,"href":"https:\/\/alphamarinepro.com\/fr\/wp-json\/wp\/v2\/product_tag?post=1237"}],"curies":[{"name":"wp","href":"https:\/\/api.w.org\/{rel}","templated":true}]}}