{"id":1235,"date":"2021-03-07T11:59:04","date_gmt":"2021-03-07T10:59:04","guid":{"rendered":"https:\/\/alphamarinepro.com\/product\/glass-stainless-steel-cleaner\/"},"modified":"2021-05-10T19:12:52","modified_gmt":"2021-05-10T18:12:52","slug":"glass-stainless-steel-cleaner","status":"publish","type":"product","link":"https:\/\/alphamarinepro.com\/fr\/produit\/glass-stainless-steel-cleaner\/","title":{"rendered":"Glass &amp; Stainless Steel Cleaner"},"content":{"rendered":"<p>Le nettoyant pour verre et acier inoxydable est un agent nettoyant innovant et puissant avec des ingr\u00e9dients de polissage uniques qui \u00e9liminent sans effort les contaminations profond\u00e9ment p\u00e9n\u00e9tr\u00e9es telles que la corrosion, les d\u00e9jections d&rsquo;oiseaux et les d\u00e9p\u00f4ts de calcaire et de sel. Restaure la clart\u00e9 du verre en polissant la surface. Id\u00e9al pour les fen\u00eatres et les hublots.  <\/p>\n","protected":false},"excerpt":{"rendered":"<p>Id\u00e9al pour nettoyer les fen\u00eatres et les hublots. \u00c9limine sans effort les impuret\u00e9s p\u00e9n\u00e9trantes profondes telles que les excr\u00e9ments d&rsquo;oiseaux, les d\u00e9p\u00f4ts de calcaire et de sel et restaure la clart\u00e9 des surfaces en verre. <\/p>\n","protected":false},"featured_media":1236,"comment_status":"open","ping_status":"closed","template":"","meta":[],"product_brand":[],"product_cat":[55],"product_tag":[],"class_list":{"0":"post-1235","1":"product","2":"type-product","3":"status-publish","4":"has-post-thumbnail","6":"product_cat-nettoyage","8":"first","9":"instock","10":"taxable","11":"shipping-taxable","12":"purchasable","13":"product-type-simple"},"_links":{"self":[{"href":"https:\/\/alphamarinepro.com\/fr\/wp-json\/wp\/v2\/product\/1235","targetHints":{"allow":["GET"]}}],"collection":[{"href":"https:\/\/alphamarinepro.com\/fr\/wp-json\/wp\/v2\/product"}],"about":[{"href":"https:\/\/alphamarinepro.com\/fr\/wp-json\/wp\/v2\/types\/product"}],"replies":[{"embeddable":true,"href":"https:\/\/alphamarinepro.com\/fr\/wp-json\/wp\/v2\/comments?post=1235"}],"wp:featuredmedia":[{"embeddable":true,"href":"https:\/\/alphamarinepro.com\/fr\/wp-json\/wp\/v2\/media\/1236"}],"wp:attachment":[{"href":"https:\/\/alphamarinepro.com\/fr\/wp-json\/wp\/v2\/media?parent=1235"}],"wp:term":[{"taxonomy":"product_brand","embeddable":true,"href":"https:\/\/alphamarinepro.com\/fr\/wp-json\/wp\/v2\/product_brand?post=1235"},{"taxonomy":"product_cat","embeddable":true,"href":"https:\/\/alphamarinepro.com\/fr\/wp-json\/wp\/v2\/product_cat?post=1235"},{"taxonomy":"product_tag","embeddable":true,"href":"https:\/\/alphamarinepro.com\/fr\/wp-json\/wp\/v2\/product_tag?post=1235"}],"curies":[{"name":"wp","href":"https:\/\/api.w.org\/{rel}","templated":true}]}}