{"id":1231,"date":"2021-03-07T12:03:14","date_gmt":"2021-03-07T11:03:14","guid":{"rendered":"https:\/\/alphamarinepro.com\/product\/hull-cleaner\/"},"modified":"2021-05-08T15:53:40","modified_gmt":"2021-05-08T14:53:40","slug":"hull-cleaner","status":"publish","type":"product","link":"https:\/\/alphamarinepro.com\/fr\/produit\/hull-cleaner\/","title":{"rendered":"Hull Cleaner"},"content":{"rendered":"<p>Hull Cleaner est un agent nettoyant concentr\u00e9 innovant avec des propri\u00e9t\u00e9s conservatrices suppl\u00e9mentaires, sp\u00e9cialement d\u00e9velopp\u00e9 pour un entretien r\u00e9gulier. Il enl\u00e8ve facilement toutes sortes de salet\u00e9s et ne laisse ni taches ni stries. Sans danger pour le polyester, le teck, le plastique, le m\u00e9tal comme le chrome, l&rsquo;acier inoxydable, l&rsquo;aluminium et les surfaces peintes. N&rsquo;affecte pas la couche de cire. Excellent pour une utilisation dans le programme de maintenance d&rsquo;Impressed Pro.    <\/p>\n","protected":false},"excerpt":{"rendered":"<p>Est un produit innovant con\u00e7u pour l&rsquo;entretien r\u00e9gulier et l&rsquo;entretien du polyester, du teck, du plastique, de certains m\u00e9taux, c&rsquo;est-\u00e0-dire du chrome, de l&rsquo;acier inoxydable, de l&rsquo;aluminium et des surfaces peintes. Cela n&rsquo;affecte pas la couche de cire. <\/p>\n","protected":false},"featured_media":1232,"comment_status":"open","ping_status":"closed","template":"","meta":[],"product_brand":[],"product_cat":[55],"product_tag":[],"class_list":{"0":"post-1231","1":"product","2":"type-product","3":"status-publish","4":"has-post-thumbnail","6":"product_cat-nettoyage","8":"first","9":"instock","10":"taxable","11":"shipping-taxable","12":"purchasable","13":"product-type-variable"},"_links":{"self":[{"href":"https:\/\/alphamarinepro.com\/fr\/wp-json\/wp\/v2\/product\/1231","targetHints":{"allow":["GET"]}}],"collection":[{"href":"https:\/\/alphamarinepro.com\/fr\/wp-json\/wp\/v2\/product"}],"about":[{"href":"https:\/\/alphamarinepro.com\/fr\/wp-json\/wp\/v2\/types\/product"}],"replies":[{"embeddable":true,"href":"https:\/\/alphamarinepro.com\/fr\/wp-json\/wp\/v2\/comments?post=1231"}],"wp:featuredmedia":[{"embeddable":true,"href":"https:\/\/alphamarinepro.com\/fr\/wp-json\/wp\/v2\/media\/1232"}],"wp:attachment":[{"href":"https:\/\/alphamarinepro.com\/fr\/wp-json\/wp\/v2\/media?parent=1231"}],"wp:term":[{"taxonomy":"product_brand","embeddable":true,"href":"https:\/\/alphamarinepro.com\/fr\/wp-json\/wp\/v2\/product_brand?post=1231"},{"taxonomy":"product_cat","embeddable":true,"href":"https:\/\/alphamarinepro.com\/fr\/wp-json\/wp\/v2\/product_cat?post=1231"},{"taxonomy":"product_tag","embeddable":true,"href":"https:\/\/alphamarinepro.com\/fr\/wp-json\/wp\/v2\/product_tag?post=1231"}],"curies":[{"name":"wp","href":"https:\/\/api.w.org\/{rel}","templated":true}]}}