{"id":1229,"date":"2021-03-07T12:04:18","date_gmt":"2021-03-07T11:04:18","guid":{"rendered":"https:\/\/alphamarinepro.com\/product\/stain-remover\/"},"modified":"2021-05-08T15:51:43","modified_gmt":"2021-05-08T14:51:43","slug":"stain-remover","status":"publish","type":"product","link":"https:\/\/alphamarinepro.com\/fr\/produit\/stain-remover\/","title":{"rendered":"Stain Remover"},"content":{"rendered":"<p>Le d\u00e9tachant est un puissant agent de nettoyage oxydant qui \u00e9limine la salet\u00e9 profond\u00e9ment p\u00e9n\u00e9tr\u00e9e et les taches de temps sur tous les types de textiles d&rsquo;ext\u00e9rieur. Restaure \u00e9galement la couleur. Id\u00e9al pour une utilisation sur les voiles coupe-vent, les coussins de bateau en vinyle, les capots de pulv\u00e9risation et les auvents.  <\/p>\n","protected":false},"excerpt":{"rendered":"<p>\u00c9limine la salet\u00e9 profond\u00e9ment p\u00e9n\u00e9tr\u00e9e et restaure la couleur de tous les types de textiles d&rsquo;ext\u00e9rieur. Id\u00e9al pour une utilisation sur les voiles coupe-vent, les coussins de bateau en vinyle, les capots de pulv\u00e9risation, les couvertures et les auvents. <\/p>\n","protected":false},"featured_media":1230,"comment_status":"open","ping_status":"closed","template":"","meta":[],"product_brand":[],"product_cat":[55],"product_tag":[],"class_list":{"0":"post-1229","1":"product","2":"type-product","3":"status-publish","4":"has-post-thumbnail","6":"product_cat-nettoyage","8":"first","9":"instock","10":"taxable","11":"shipping-taxable","12":"purchasable","13":"product-type-simple"},"_links":{"self":[{"href":"https:\/\/alphamarinepro.com\/fr\/wp-json\/wp\/v2\/product\/1229","targetHints":{"allow":["GET"]}}],"collection":[{"href":"https:\/\/alphamarinepro.com\/fr\/wp-json\/wp\/v2\/product"}],"about":[{"href":"https:\/\/alphamarinepro.com\/fr\/wp-json\/wp\/v2\/types\/product"}],"replies":[{"embeddable":true,"href":"https:\/\/alphamarinepro.com\/fr\/wp-json\/wp\/v2\/comments?post=1229"}],"wp:featuredmedia":[{"embeddable":true,"href":"https:\/\/alphamarinepro.com\/fr\/wp-json\/wp\/v2\/media\/1230"}],"wp:attachment":[{"href":"https:\/\/alphamarinepro.com\/fr\/wp-json\/wp\/v2\/media?parent=1229"}],"wp:term":[{"taxonomy":"product_brand","embeddable":true,"href":"https:\/\/alphamarinepro.com\/fr\/wp-json\/wp\/v2\/product_brand?post=1229"},{"taxonomy":"product_cat","embeddable":true,"href":"https:\/\/alphamarinepro.com\/fr\/wp-json\/wp\/v2\/product_cat?post=1229"},{"taxonomy":"product_tag","embeddable":true,"href":"https:\/\/alphamarinepro.com\/fr\/wp-json\/wp\/v2\/product_tag?post=1229"}],"curies":[{"name":"wp","href":"https:\/\/api.w.org\/{rel}","templated":true}]}}