{"id":1225,"date":"2021-03-07T12:07:01","date_gmt":"2021-03-07T11:07:01","guid":{"rendered":"https:\/\/alphamarinepro.com\/product\/antifouling-remover\/"},"modified":"2021-05-08T15:50:07","modified_gmt":"2021-05-08T14:50:07","slug":"antifouling-remover","status":"publish","type":"product","link":"https:\/\/alphamarinepro.com\/fr\/produit\/antifouling-remover\/","title":{"rendered":"Antifouling Remover"},"content":{"rendered":"<p>Anti Fouling Remover est une p\u00e2te de dissolvant sans danger au PH neutre utilis\u00e9e pour \u00e9liminer facilement les anciennes couches d&rsquo;antifouling (\u00e9galement les syst\u00e8mes \u00e0 2 composants). Il ne contient pas d&rsquo;acides nocifs, d&rsquo;alcalis, de NMP, de chlorure de m\u00e9thyl\u00e8ne, de DMSO, de paraffine ou d&rsquo;autres conservateurs. Plusieurs couches peuvent \u00eatre supprim\u00e9es \u00e0 la fois en permettant au produit de fonctionner plus longtemps. L&rsquo;antifouling \/ d\u00e9capant de peinture ne s\u00e8che pas et peut rester jusqu&rsquo;\u00e0 24 heures sans endommager la surface. Peut m\u00eame \u00eatre utilis\u00e9 jusqu&rsquo;\u00e0 0C.    <\/p>\n","protected":false},"excerpt":{"rendered":"<p>Retirez facilement et en toute s\u00e9curit\u00e9 les anciennes couches d&rsquo;anti-fouling (\u00e9galement 2 couches de composants). Il ne s\u00e8che pas et peut rester jusqu&rsquo;\u00e0 24 heures sans endommager la surface. <\/p>\n","protected":false},"featured_media":1014,"comment_status":"open","ping_status":"closed","template":"","meta":[],"product_brand":[],"product_cat":[55],"product_tag":[],"class_list":{"0":"post-1225","1":"product","2":"type-product","3":"status-publish","4":"has-post-thumbnail","6":"product_cat-nettoyage","8":"first","9":"instock","10":"taxable","11":"shipping-taxable","12":"purchasable","13":"product-type-variable"},"_links":{"self":[{"href":"https:\/\/alphamarinepro.com\/fr\/wp-json\/wp\/v2\/product\/1225","targetHints":{"allow":["GET"]}}],"collection":[{"href":"https:\/\/alphamarinepro.com\/fr\/wp-json\/wp\/v2\/product"}],"about":[{"href":"https:\/\/alphamarinepro.com\/fr\/wp-json\/wp\/v2\/types\/product"}],"replies":[{"embeddable":true,"href":"https:\/\/alphamarinepro.com\/fr\/wp-json\/wp\/v2\/comments?post=1225"}],"wp:featuredmedia":[{"embeddable":true,"href":"https:\/\/alphamarinepro.com\/fr\/wp-json\/wp\/v2\/media\/1014"}],"wp:attachment":[{"href":"https:\/\/alphamarinepro.com\/fr\/wp-json\/wp\/v2\/media?parent=1225"}],"wp:term":[{"taxonomy":"product_brand","embeddable":true,"href":"https:\/\/alphamarinepro.com\/fr\/wp-json\/wp\/v2\/product_brand?post=1225"},{"taxonomy":"product_cat","embeddable":true,"href":"https:\/\/alphamarinepro.com\/fr\/wp-json\/wp\/v2\/product_cat?post=1225"},{"taxonomy":"product_tag","embeddable":true,"href":"https:\/\/alphamarinepro.com\/fr\/wp-json\/wp\/v2\/product_tag?post=1225"}],"curies":[{"name":"wp","href":"https:\/\/api.w.org\/{rel}","templated":true}]}}