{"id":1223,"date":"2021-03-07T12:08:22","date_gmt":"2021-03-07T11:08:22","guid":{"rendered":"https:\/\/alphamarinepro.com\/product\/surface-cleaner-wipes\/"},"modified":"2021-05-08T15:45:46","modified_gmt":"2021-05-08T14:45:46","slug":"surface-cleaner-wipes","status":"publish","type":"product","link":"https:\/\/alphamarinepro.com\/fr\/produit\/surface-cleaner-wipes\/","title":{"rendered":"Surface Cleaner Wipes"},"content":{"rendered":"<p>Les lingettes Surface Cleaner sont des lingettes r\u00e9sistantes \u00e0 l&rsquo;usure qui conviennent parfaitement comme pr\u00e9traitement pour une surface qui doit \u00eatre trait\u00e9e avec Marine Coat ou Gel Coat Premium Protector. Surface Cleaner Wipes d\u00e9graisse la surface et \u00e9limine les r\u00e9sidus d&rsquo;agents nettoyants. <\/p>\n","protected":false},"excerpt":{"rendered":"<p>D\u00e9graisse la surface et \u00e9limine les r\u00e9sidus de produits de nettoyage. Les lingettes Surface Cleaner sont des lingettes r\u00e9sistantes \u00e0 l&rsquo;usure qui conviennent parfaitement comme pr\u00e9traitement pour une surface qui doit \u00eatre trait\u00e9e avec Marine Coat ou Gel Coat Premium Protector.  <\/p>\n","protected":false},"featured_media":1224,"comment_status":"open","ping_status":"closed","template":"","meta":[],"product_brand":[],"product_cat":[55],"product_tag":[],"class_list":{"0":"post-1223","1":"product","2":"type-product","3":"status-publish","4":"has-post-thumbnail","6":"product_cat-nettoyage","8":"first","9":"instock","10":"taxable","11":"shipping-taxable","12":"purchasable","13":"product-type-simple"},"_links":{"self":[{"href":"https:\/\/alphamarinepro.com\/fr\/wp-json\/wp\/v2\/product\/1223","targetHints":{"allow":["GET"]}}],"collection":[{"href":"https:\/\/alphamarinepro.com\/fr\/wp-json\/wp\/v2\/product"}],"about":[{"href":"https:\/\/alphamarinepro.com\/fr\/wp-json\/wp\/v2\/types\/product"}],"replies":[{"embeddable":true,"href":"https:\/\/alphamarinepro.com\/fr\/wp-json\/wp\/v2\/comments?post=1223"}],"wp:featuredmedia":[{"embeddable":true,"href":"https:\/\/alphamarinepro.com\/fr\/wp-json\/wp\/v2\/media\/1224"}],"wp:attachment":[{"href":"https:\/\/alphamarinepro.com\/fr\/wp-json\/wp\/v2\/media?parent=1223"}],"wp:term":[{"taxonomy":"product_brand","embeddable":true,"href":"https:\/\/alphamarinepro.com\/fr\/wp-json\/wp\/v2\/product_brand?post=1223"},{"taxonomy":"product_cat","embeddable":true,"href":"https:\/\/alphamarinepro.com\/fr\/wp-json\/wp\/v2\/product_cat?post=1223"},{"taxonomy":"product_tag","embeddable":true,"href":"https:\/\/alphamarinepro.com\/fr\/wp-json\/wp\/v2\/product_tag?post=1223"}],"curies":[{"name":"wp","href":"https:\/\/api.w.org\/{rel}","templated":true}]}}