{"id":1154,"date":"2021-03-07T12:09:38","date_gmt":"2021-03-07T11:09:38","guid":{"rendered":"https:\/\/alphamarinepro.com\/product\/canvas-cleaner\/"},"modified":"2021-05-08T12:41:22","modified_gmt":"2021-05-08T11:41:22","slug":"canvas-cleaner","status":"publish","type":"product","link":"https:\/\/alphamarinepro.com\/fr\/produit\/canvas-cleaner\/","title":{"rendered":"Canvas Cleaner"},"content":{"rendered":"<p>Canvas Cleaner a \u00e9t\u00e9 sp\u00e9cialement d\u00e9velopp\u00e9 pour nettoyer les surfaces constitu\u00e9es de toile, coton, lin, etc. Le nettoyant pour toile d\u00e9loge la salet\u00e9 du plus profond des pores sans endommager la surface. Le produit ne laisse \u00e9galement aucun r\u00e9sidu, ce qui est souvent le cas lors de l&rsquo;utilisation de savons ordinaires. Apr\u00e8s le nettoyage, la surface peut \u00eatre parfaitement pr\u00e9serv\u00e9e gr\u00e2ce \u00e0 une imperm\u00e9abilisation.    <\/p>\n","protected":false},"excerpt":{"rendered":"<p>Sp\u00e9cialement d\u00e9velopp\u00e9 pour nettoyer en profondeur les surfaces telles que la toile, le coton, le lin, etc. Il d\u00e9loge efficacement la salet\u00e9, la moisissure, les algues et \/ ou les champignons sans endommager l&rsquo;int\u00e9grit\u00e9 du tissu. Il ne laisse aucun r\u00e9sidu.  <\/p>\n","protected":false},"featured_media":1155,"comment_status":"open","ping_status":"closed","template":"","meta":[],"product_brand":[],"product_cat":[55],"product_tag":[],"class_list":{"0":"post-1154","1":"product","2":"type-product","3":"status-publish","4":"has-post-thumbnail","6":"product_cat-nettoyage","8":"first","9":"instock","10":"taxable","11":"shipping-taxable","12":"purchasable","13":"product-type-variable"},"_links":{"self":[{"href":"https:\/\/alphamarinepro.com\/fr\/wp-json\/wp\/v2\/product\/1154","targetHints":{"allow":["GET"]}}],"collection":[{"href":"https:\/\/alphamarinepro.com\/fr\/wp-json\/wp\/v2\/product"}],"about":[{"href":"https:\/\/alphamarinepro.com\/fr\/wp-json\/wp\/v2\/types\/product"}],"replies":[{"embeddable":true,"href":"https:\/\/alphamarinepro.com\/fr\/wp-json\/wp\/v2\/comments?post=1154"}],"wp:featuredmedia":[{"embeddable":true,"href":"https:\/\/alphamarinepro.com\/fr\/wp-json\/wp\/v2\/media\/1155"}],"wp:attachment":[{"href":"https:\/\/alphamarinepro.com\/fr\/wp-json\/wp\/v2\/media?parent=1154"}],"wp:term":[{"taxonomy":"product_brand","embeddable":true,"href":"https:\/\/alphamarinepro.com\/fr\/wp-json\/wp\/v2\/product_brand?post=1154"},{"taxonomy":"product_cat","embeddable":true,"href":"https:\/\/alphamarinepro.com\/fr\/wp-json\/wp\/v2\/product_cat?post=1154"},{"taxonomy":"product_tag","embeddable":true,"href":"https:\/\/alphamarinepro.com\/fr\/wp-json\/wp\/v2\/product_tag?post=1154"}],"curies":[{"name":"wp","href":"https:\/\/api.w.org\/{rel}","templated":true}]}}