{"id":1121,"date":"2021-03-07T12:20:32","date_gmt":"2021-03-07T11:20:32","guid":{"rendered":"https:\/\/alphamarinepro.com\/product\/synthetic-glass-protector\/"},"modified":"2021-05-08T13:04:17","modified_gmt":"2021-05-08T12:04:17","slug":"synthetic-glass-protector","status":"publish","type":"product","link":"https:\/\/alphamarinepro.com\/fr\/produit\/synthetic-glass-protector\/","title":{"rendered":"Synthetic Glass Protector"},"content":{"rendered":"<p>Le protecteur de verre synth\u00e9tique est un protecteur de verre de haute qualit\u00e9 bas\u00e9 sur les derni\u00e8res technologies. Fournit une protection \u00e0 long terme contre l&rsquo;adh\u00e9rence de la contamination telle que la corrosion, les d\u00e9jections d&rsquo;oiseaux, les d\u00e9p\u00f4ts de calcaire et de sel et d&rsquo;autres substances agressives. Il emp\u00eache \u00e9galement le verre de devenir mat ou terne. Il est hydrofuge et r\u00e9sistant aux UV. R\u00e9sistant \u00e0 tous les produits de nettoyage courants, y compris les nettoyants acides. Id\u00e9al pour les fen\u00eatres et les hublots.     <\/p>\n","protected":false},"excerpt":{"rendered":"<p>Est un protecteur de verre de haute qualit\u00e9 qui offre une protection \u00e0 long terme contre l&rsquo;adh\u00e9rence de la contamination telle que la corrosion, les d\u00e9jections d&rsquo;oiseaux, les d\u00e9p\u00f4ts de calcaire et de sel et d&rsquo;autres substances agressives. Il emp\u00eache \u00e9galement le verre de devenir mat ou terne. Il est hydrofuge et r\u00e9sistant aux UV. Id\u00e9al pour les fen\u00eatres et les hublots.   <\/p>\n","protected":false},"featured_media":1122,"comment_status":"open","ping_status":"closed","template":"","meta":[],"product_brand":[],"product_cat":[45],"product_tag":[],"class_list":{"0":"post-1121","1":"product","2":"type-product","3":"status-publish","4":"has-post-thumbnail","6":"product_cat-protection-fr","8":"first","9":"instock","10":"taxable","11":"shipping-taxable","12":"purchasable","13":"product-type-simple"},"_links":{"self":[{"href":"https:\/\/alphamarinepro.com\/fr\/wp-json\/wp\/v2\/product\/1121","targetHints":{"allow":["GET"]}}],"collection":[{"href":"https:\/\/alphamarinepro.com\/fr\/wp-json\/wp\/v2\/product"}],"about":[{"href":"https:\/\/alphamarinepro.com\/fr\/wp-json\/wp\/v2\/types\/product"}],"replies":[{"embeddable":true,"href":"https:\/\/alphamarinepro.com\/fr\/wp-json\/wp\/v2\/comments?post=1121"}],"wp:featuredmedia":[{"embeddable":true,"href":"https:\/\/alphamarinepro.com\/fr\/wp-json\/wp\/v2\/media\/1122"}],"wp:attachment":[{"href":"https:\/\/alphamarinepro.com\/fr\/wp-json\/wp\/v2\/media?parent=1121"}],"wp:term":[{"taxonomy":"product_brand","embeddable":true,"href":"https:\/\/alphamarinepro.com\/fr\/wp-json\/wp\/v2\/product_brand?post=1121"},{"taxonomy":"product_cat","embeddable":true,"href":"https:\/\/alphamarinepro.com\/fr\/wp-json\/wp\/v2\/product_cat?post=1121"},{"taxonomy":"product_tag","embeddable":true,"href":"https:\/\/alphamarinepro.com\/fr\/wp-json\/wp\/v2\/product_tag?post=1121"}],"curies":[{"name":"wp","href":"https:\/\/api.w.org\/{rel}","templated":true}]}}