{"id":1086,"date":"2021-03-07T12:25:31","date_gmt":"2021-03-07T11:25:31","guid":{"rendered":"https:\/\/alphamarinepro.com\/product\/gelcoat-detailer-spray\/"},"modified":"2021-05-08T12:55:07","modified_gmt":"2021-05-08T11:55:07","slug":"gelcoat-detailer-spray","status":"publish","type":"product","link":"https:\/\/alphamarinepro.com\/fr\/produit\/gelcoat-detailer-spray\/","title":{"rendered":"Gelcoat Detailer Spray"},"content":{"rendered":"<p>Gelcoat Detailer Spray est un tout nouvel exhausteur de brillance synth\u00e9tique bas\u00e9 sur la technologie des polym\u00e8res hydrophobes. Cela donne une tension superficielle \u00e9lev\u00e9e et permet \u00e0 l&rsquo;eau de glisser hors de la surface. Gelcoat Detailer Spray est un detailer facile et s\u00fbr \u00e0 nettoyer, ajoute une brillance suppl\u00e9mentaire et prot\u00e8ge la surface, Gelcoat Detailer Spray est \u00e9galement un nettoyant \/ scellant fantastique pour le verre, les int\u00e9rieurs durs, les surfaces non enduites et cir\u00e9es.  <\/p>\n","protected":false},"excerpt":{"rendered":"<p>Donne une tension superficielle \u00e9lev\u00e9e et permet \u00e0 l&rsquo;eau de glisser hors de la surface. Gelcoat Detailer Spray est un detailer facile et s\u00fbr \u00e0 nettoyer, \u00e0 ajouter une brillance suppl\u00e9mentaire et \u00e0 prot\u00e9ger la surface <\/p>\n","protected":false},"featured_media":1087,"comment_status":"open","ping_status":"closed","template":"","meta":[],"product_brand":[],"product_cat":[45],"product_tag":[],"class_list":{"0":"post-1086","1":"product","2":"type-product","3":"status-publish","4":"has-post-thumbnail","6":"product_cat-protection-fr","8":"first","9":"instock","10":"taxable","11":"shipping-taxable","12":"purchasable","13":"product-type-simple"},"_links":{"self":[{"href":"https:\/\/alphamarinepro.com\/fr\/wp-json\/wp\/v2\/product\/1086","targetHints":{"allow":["GET"]}}],"collection":[{"href":"https:\/\/alphamarinepro.com\/fr\/wp-json\/wp\/v2\/product"}],"about":[{"href":"https:\/\/alphamarinepro.com\/fr\/wp-json\/wp\/v2\/types\/product"}],"replies":[{"embeddable":true,"href":"https:\/\/alphamarinepro.com\/fr\/wp-json\/wp\/v2\/comments?post=1086"}],"wp:featuredmedia":[{"embeddable":true,"href":"https:\/\/alphamarinepro.com\/fr\/wp-json\/wp\/v2\/media\/1087"}],"wp:attachment":[{"href":"https:\/\/alphamarinepro.com\/fr\/wp-json\/wp\/v2\/media?parent=1086"}],"wp:term":[{"taxonomy":"product_brand","embeddable":true,"href":"https:\/\/alphamarinepro.com\/fr\/wp-json\/wp\/v2\/product_brand?post=1086"},{"taxonomy":"product_cat","embeddable":true,"href":"https:\/\/alphamarinepro.com\/fr\/wp-json\/wp\/v2\/product_cat?post=1086"},{"taxonomy":"product_tag","embeddable":true,"href":"https:\/\/alphamarinepro.com\/fr\/wp-json\/wp\/v2\/product_tag?post=1086"}],"curies":[{"name":"wp","href":"https:\/\/api.w.org\/{rel}","templated":true}]}}