{"id":1066,"date":"2021-03-07T12:28:22","date_gmt":"2021-03-07T11:28:22","guid":{"rendered":"https:\/\/alphamarinepro.com\/product\/marine-coat\/"},"modified":"2021-05-08T13:02:19","modified_gmt":"2021-05-08T12:02:19","slug":"marine-coat","status":"publish","type":"product","link":"https:\/\/alphamarinepro.com\/fr\/produit\/marine-coat\/","title":{"rendered":"Marine Coat"},"content":{"rendered":"<p>Marine Coat est un syst\u00e8me de protection transparent \u00e0 haute brillance unique qui a \u00e9t\u00e9 sp\u00e9cialement d\u00e9velopp\u00e9 pour le secteur maritime. Marine Coat est un syst\u00e8me de protection filmog\u00e8ne semi-permanent qui peut \u00eatre appliqu\u00e9 sur pratiquement toutes les surfaces imperm\u00e9ables sur et autour des bateaux et navires.<\/p>\n<p>Veuillez contacter Alpha Marine Pro pour un devis.<\/p>\n","protected":false},"excerpt":{"rendered":"<p>Est un syst\u00e8me de protection de haute qualit\u00e9 bas\u00e9 sur les technologies les plus r\u00e9centes et les plus innovantes. Prot\u00e8ge le gelcoat et apporte brillance et approfondissement de la couleur. Emp\u00eache \u00e9galement l&rsquo;adh\u00e9rence de la pollution et dispose d&rsquo;un filtre UV.<\/p>\n","protected":false},"featured_media":1067,"comment_status":"open","ping_status":"closed","template":"","meta":[],"product_brand":[],"product_cat":[45],"product_tag":[],"class_list":{"0":"post-1066","1":"product","2":"type-product","3":"status-publish","4":"has-post-thumbnail","6":"product_cat-protection-fr","8":"first","9":"instock","10":"taxable","11":"shipping-taxable","12":"product-type-simple"},"_links":{"self":[{"href":"https:\/\/alphamarinepro.com\/fr\/wp-json\/wp\/v2\/product\/1066","targetHints":{"allow":["GET"]}}],"collection":[{"href":"https:\/\/alphamarinepro.com\/fr\/wp-json\/wp\/v2\/product"}],"about":[{"href":"https:\/\/alphamarinepro.com\/fr\/wp-json\/wp\/v2\/types\/product"}],"replies":[{"embeddable":true,"href":"https:\/\/alphamarinepro.com\/fr\/wp-json\/wp\/v2\/comments?post=1066"}],"wp:featuredmedia":[{"embeddable":true,"href":"https:\/\/alphamarinepro.com\/fr\/wp-json\/wp\/v2\/media\/1067"}],"wp:attachment":[{"href":"https:\/\/alphamarinepro.com\/fr\/wp-json\/wp\/v2\/media?parent=1066"}],"wp:term":[{"taxonomy":"product_brand","embeddable":true,"href":"https:\/\/alphamarinepro.com\/fr\/wp-json\/wp\/v2\/product_brand?post=1066"},{"taxonomy":"product_cat","embeddable":true,"href":"https:\/\/alphamarinepro.com\/fr\/wp-json\/wp\/v2\/product_cat?post=1066"},{"taxonomy":"product_tag","embeddable":true,"href":"https:\/\/alphamarinepro.com\/fr\/wp-json\/wp\/v2\/product_tag?post=1066"}],"curies":[{"name":"wp","href":"https:\/\/api.w.org\/{rel}","templated":true}]}}