{"id":1056,"date":"2021-03-07T12:35:20","date_gmt":"2021-03-07T11:35:20","guid":{"rendered":"https:\/\/alphamarinepro.com\/product\/gelcoat-speed-protector\/"},"modified":"2021-05-08T12:44:19","modified_gmt":"2021-05-08T11:44:19","slug":"gelcoat-speed-protector","status":"publish","type":"product","link":"https:\/\/alphamarinepro.com\/fr\/produit\/gelcoat-speed-protector\/","title":{"rendered":"Gelcoat Speed Protector"},"content":{"rendered":"<p>Gelcoat Speed Protector est un agent protecteur de haute qualit\u00e9 bas\u00e9 sur les technologies les plus innovantes. Prot\u00e8ge le gelcoat et offre une brillance et une protection suppl\u00e9mentaires apr\u00e8s un lavage. Emp\u00eache \u00e9galement l&rsquo;adh\u00e9rence de la pollution. Sans danger pour les surfaces en polyester, en plastique, peintes et m\u00e9talliques telles que; chrome, acier inoxydable et aluminium. Gelcoat Premium Protector s&rsquo;int\u00e8gre \u00e9galement parfaitement dans l&rsquo;entretien r\u00e9gulier du gelcoat, ainsi que pour l&rsquo;entretien d&rsquo;un gelcoat d\u00e9j\u00e0 trait\u00e9 avec Marine Coat.    <\/p>\n","protected":false},"excerpt":{"rendered":"<p>Est un agent de protection de haute qualit\u00e9 bas\u00e9 sur les technologies les plus innovantes. Prot\u00e8ge le gelcoat et offre une brillance et une protection suppl\u00e9mentaires apr\u00e8s un lavage. Gelcoat Premium Protector s&rsquo;int\u00e8gre \u00e9galement parfaitement dans l&rsquo;entretien r\u00e9gulier du gelcoat, ainsi que pour l&rsquo;entretien d&rsquo;un gelcoat d\u00e9j\u00e0 trait\u00e9 avec Marine Coat.  <\/p>\n","protected":false},"featured_media":1057,"comment_status":"open","ping_status":"closed","template":"","meta":[],"product_brand":[],"product_cat":[45],"product_tag":[],"class_list":{"0":"post-1056","1":"product","2":"type-product","3":"status-publish","4":"has-post-thumbnail","6":"product_cat-protection-fr","8":"first","9":"instock","10":"taxable","11":"shipping-taxable","12":"purchasable","13":"product-type-simple"},"_links":{"self":[{"href":"https:\/\/alphamarinepro.com\/fr\/wp-json\/wp\/v2\/product\/1056","targetHints":{"allow":["GET"]}}],"collection":[{"href":"https:\/\/alphamarinepro.com\/fr\/wp-json\/wp\/v2\/product"}],"about":[{"href":"https:\/\/alphamarinepro.com\/fr\/wp-json\/wp\/v2\/types\/product"}],"replies":[{"embeddable":true,"href":"https:\/\/alphamarinepro.com\/fr\/wp-json\/wp\/v2\/comments?post=1056"}],"wp:featuredmedia":[{"embeddable":true,"href":"https:\/\/alphamarinepro.com\/fr\/wp-json\/wp\/v2\/media\/1057"}],"wp:attachment":[{"href":"https:\/\/alphamarinepro.com\/fr\/wp-json\/wp\/v2\/media?parent=1056"}],"wp:term":[{"taxonomy":"product_brand","embeddable":true,"href":"https:\/\/alphamarinepro.com\/fr\/wp-json\/wp\/v2\/product_brand?post=1056"},{"taxonomy":"product_cat","embeddable":true,"href":"https:\/\/alphamarinepro.com\/fr\/wp-json\/wp\/v2\/product_cat?post=1056"},{"taxonomy":"product_tag","embeddable":true,"href":"https:\/\/alphamarinepro.com\/fr\/wp-json\/wp\/v2\/product_tag?post=1056"}],"curies":[{"name":"wp","href":"https:\/\/api.w.org\/{rel}","templated":true}]}}