{"id":1013,"date":"2021-03-07T12:38:15","date_gmt":"2021-03-07T11:38:15","guid":{"rendered":"https:\/\/alphamarinepro.com\/product\/renotop-marine-1-k\/"},"modified":"2021-07-06T12:09:57","modified_gmt":"2021-07-06T11:09:57","slug":"renotop-marine-1-k","status":"publish","type":"product","link":"https:\/\/alphamarinepro.com\/fr\/produit\/renotop-marine-1-k\/","title":{"rendered":"RenoTop Marine 1-K"},"content":{"rendered":"<p>RenoTop Marine 1-K est une laque polyur\u00e9thane\/alkyde \u00e0 s\u00e9chage oxydant monocomposant haute brillance d\u00e9velopp\u00e9e pour le secteur offshore. Le rev\u00eatement a d&rsquo;excellentes propri\u00e9t\u00e9s d&rsquo;\u00e9coulement et est facile \u00e0 appliquer au pinceau, au rouleau ou au pistolet. RenoTop Marine 1-K a une excellente r\u00e9tention du brillant et une tr\u00e8s faible propagation des flammes. RenoTop Marine 1-K offre une protection durable avec des propri\u00e9t\u00e9s faciles \u00e0 nettoyer, de sorte que la contamination renouvel\u00e9e adh\u00e8re moins rapidement et est donc plus facile \u00e0 \u00e9liminer. RenoTop Marine 1-K est disponible dans toutes les couleurs RAL. La r\u00e9tention de la couleur et du brillant des couches de finition\/finitions peut varier selon le type de couleur ; l&rsquo;exposition \u00e0 l&rsquo;environnement telle que la temp\u00e9rature, l&rsquo;intensit\u00e9 des UV, etc. ; et la qualit\u00e9 de l&rsquo;application.  <\/p>\n<p> Pour plus d&rsquo;informations, veuillez contacter Alpha Marine Pro.<\/p>\n","protected":false},"excerpt":{"rendered":"<p>Est une laque polyur\u00e9thane \/ alkyde haute brillance d\u00e9velopp\u00e9e pour le secteur offshore. Le rev\u00eatement a d&rsquo;excellentes propri\u00e9t\u00e9s d&rsquo;\u00e9coulement et est facile \u00e0 appliquer avec, par exemple, un pinceau, un rouleau ou un pulv\u00e9risateur. RenoTop Marine a d&rsquo;excellentes propri\u00e9t\u00e9s de r\u00e9tention de la brillance et a \u00e9galement une tr\u00e8s faible propagation de la flamme.  <\/p>\n","protected":false},"featured_media":1022,"comment_status":"open","ping_status":"closed","template":"","meta":[],"product_brand":[],"product_cat":[45],"product_tag":[],"class_list":{"0":"post-1013","1":"product","2":"type-product","3":"status-publish","4":"has-post-thumbnail","6":"product_cat-protection-fr","8":"first","9":"instock","10":"taxable","11":"shipping-taxable","12":"purchasable","13":"product-type-simple"},"_links":{"self":[{"href":"https:\/\/alphamarinepro.com\/fr\/wp-json\/wp\/v2\/product\/1013","targetHints":{"allow":["GET"]}}],"collection":[{"href":"https:\/\/alphamarinepro.com\/fr\/wp-json\/wp\/v2\/product"}],"about":[{"href":"https:\/\/alphamarinepro.com\/fr\/wp-json\/wp\/v2\/types\/product"}],"replies":[{"embeddable":true,"href":"https:\/\/alphamarinepro.com\/fr\/wp-json\/wp\/v2\/comments?post=1013"}],"wp:featuredmedia":[{"embeddable":true,"href":"https:\/\/alphamarinepro.com\/fr\/wp-json\/wp\/v2\/media\/1022"}],"wp:attachment":[{"href":"https:\/\/alphamarinepro.com\/fr\/wp-json\/wp\/v2\/media?parent=1013"}],"wp:term":[{"taxonomy":"product_brand","embeddable":true,"href":"https:\/\/alphamarinepro.com\/fr\/wp-json\/wp\/v2\/product_brand?post=1013"},{"taxonomy":"product_cat","embeddable":true,"href":"https:\/\/alphamarinepro.com\/fr\/wp-json\/wp\/v2\/product_cat?post=1013"},{"taxonomy":"product_tag","embeddable":true,"href":"https:\/\/alphamarinepro.com\/fr\/wp-json\/wp\/v2\/product_tag?post=1013"}],"curies":[{"name":"wp","href":"https:\/\/api.w.org\/{rel}","templated":true}]}}