{"id":3965,"date":"2022-09-10T18:13:09","date_gmt":"2022-09-10T17:47:02","guid":{"rendered":"https:\/\/alphamarinepro.com\/product\/vikan-eckenbuerste-weich-gespalten-schwarz-wasserfuehrung\/"},"modified":"2022-09-10T18:47:02","modified_gmt":"2022-09-10T17:47:02","slug":"vikan-eckenburste-weich-gespalten-schwarz-wasserfuhrung","status":"publish","type":"product","link":"https:\/\/alphamarinepro.com\/de\/produkt\/vikan-eckenburste-weich-gespalten-schwarz-wasserfuhrung\/","title":{"rendered":"Vikan &#8211; Eckenb\u00fcrste, weich\/gespalten, schwarz (Wasserf\u00fchrung)"},"content":{"rendered":"<p>Mit ihrem abgewinkelten Borstendesign beh\u00e4lt diese wasserf\u00fchrende Waschb\u00fcrste den Kontakt mit Oberfl\u00e4chen bei und macht es sehr einfach, beispielsweise den Rumpf des Schiffes zu waschen, und sie ist mit einer Auswahl wasserf\u00fchrender Teleskopstiele von Vikan kompatibel.<\/p>\n","protected":false},"excerpt":{"rendered":"<p>Reinigen Sie Ihren Rumpf effektiv mit dieser gro\u00dfen abgewinkelten B\u00fcrste mit Wasserf\u00fchrung.<\/p>\n","protected":false},"featured_media":3947,"comment_status":"open","ping_status":"closed","template":"","meta":[],"product_brand":[],"product_cat":[80],"product_tag":[],"class_list":{"0":"post-3965","1":"product","2":"type-product","3":"status-publish","4":"has-post-thumbnail","6":"product_cat-vikan-de","8":"first","9":"instock","10":"taxable","11":"shipping-taxable","12":"purchasable","13":"product-type-simple"},"_links":{"self":[{"href":"https:\/\/alphamarinepro.com\/de\/wp-json\/wp\/v2\/product\/3965","targetHints":{"allow":["GET"]}}],"collection":[{"href":"https:\/\/alphamarinepro.com\/de\/wp-json\/wp\/v2\/product"}],"about":[{"href":"https:\/\/alphamarinepro.com\/de\/wp-json\/wp\/v2\/types\/product"}],"replies":[{"embeddable":true,"href":"https:\/\/alphamarinepro.com\/de\/wp-json\/wp\/v2\/comments?post=3965"}],"wp:featuredmedia":[{"embeddable":true,"href":"https:\/\/alphamarinepro.com\/de\/wp-json\/wp\/v2\/media\/3947"}],"wp:attachment":[{"href":"https:\/\/alphamarinepro.com\/de\/wp-json\/wp\/v2\/media?parent=3965"}],"wp:term":[{"taxonomy":"product_brand","embeddable":true,"href":"https:\/\/alphamarinepro.com\/de\/wp-json\/wp\/v2\/product_brand?post=3965"},{"taxonomy":"product_cat","embeddable":true,"href":"https:\/\/alphamarinepro.com\/de\/wp-json\/wp\/v2\/product_cat?post=3965"},{"taxonomy":"product_tag","embeddable":true,"href":"https:\/\/alphamarinepro.com\/de\/wp-json\/wp\/v2\/product_tag?post=3965"}],"curies":[{"name":"wp","href":"https:\/\/api.w.org\/{rel}","templated":true}]}}