{"id":3922,"date":"2022-09-10T14:36:34","date_gmt":"2022-09-10T13:54:26","guid":{"rendered":"https:\/\/alphamarinepro.com\/product\/renotop-marine-1-k-spray\/"},"modified":"2022-09-10T14:54:26","modified_gmt":"2022-09-10T13:54:26","slug":"renotop-marine-1-k-spray-2","status":"publish","type":"product","link":"https:\/\/alphamarinepro.com\/de\/produkt\/renotop-marine-1-k-spray-2\/","title":{"rendered":"RenoTop Marine 1-K-Spray"},"content":{"rendered":"<p>RenoTop Marine 1-K ist ein f\u00fcr den Offshore-Bereich entwickelter hochgl\u00e4nzender 1-Komponenten oxidativ trocknender Polyurethan\/Alkyd-Lack. Die Farbe hat hervorragende Flie\u00dfeigenschaften und l\u00e4sst sich einfach mit Pinsel, Rolle oder Spritzger\u00e4t auftragen. RenoTop Marine 1-K hat hervorragende Glanzerhaltungseigenschaften und eine sehr geringe Flammausbreitung.<br \/>\nRenoTop Marine 1-K bietet einen dauerhaften Schutz mit Easy-to-clean-Eigenschaften, wodurch erneute Verschmutzungen weniger haften bleiben und sich somit leichter entfernen lassen. RenoTop Marine 1-K ist in allen RAL-Farben erh\u00e4ltlich.<br \/>\nFarb- und Glanzhaltung von Decklacken\/Lackierungen k\u00f6nnen je nach Farbton variieren; Exposition gegen\u00fcber der Umgebung wie Temperatur, UV-Intensit\u00e4t usw.; und Qualit\u00e4t der Anwendung. F\u00fcr weitere Informationen wenden Sie sich bitte an Alpha Marine Pro.<\/p>\n","protected":false},"excerpt":{"rendered":"<p>Unser RenoTop Marine gibt es jetzt auch als Spr\u00fchlack!!<\/p>\n<p>RenoTop Marine ist ein hochgl\u00e4nzender Polyurethan\/Alkyd-Lack, der f\u00fcr den Offshore-Bereich entwickelt wurde. Der Lack hat hervorragende Verlaufseigenschaften und l\u00e4sst sich leicht auftragen, jetzt auch in der Spr\u00fchdose in Ihrer RAL-Wunschfarbe.<\/p>\n","protected":false},"featured_media":3917,"comment_status":"open","ping_status":"closed","template":"","meta":[],"product_brand":[],"product_cat":[48,56],"product_tag":[],"class_list":{"0":"post-3922","1":"product","2":"type-product","3":"status-publish","4":"has-post-thumbnail","6":"product_cat-geschaft","7":"product_cat-schutz","9":"first","10":"instock","11":"taxable","12":"shipping-taxable","13":"purchasable","14":"product-type-simple"},"_links":{"self":[{"href":"https:\/\/alphamarinepro.com\/de\/wp-json\/wp\/v2\/product\/3922","targetHints":{"allow":["GET"]}}],"collection":[{"href":"https:\/\/alphamarinepro.com\/de\/wp-json\/wp\/v2\/product"}],"about":[{"href":"https:\/\/alphamarinepro.com\/de\/wp-json\/wp\/v2\/types\/product"}],"replies":[{"embeddable":true,"href":"https:\/\/alphamarinepro.com\/de\/wp-json\/wp\/v2\/comments?post=3922"}],"wp:featuredmedia":[{"embeddable":true,"href":"https:\/\/alphamarinepro.com\/de\/wp-json\/wp\/v2\/media\/3917"}],"wp:attachment":[{"href":"https:\/\/alphamarinepro.com\/de\/wp-json\/wp\/v2\/media?parent=3922"}],"wp:term":[{"taxonomy":"product_brand","embeddable":true,"href":"https:\/\/alphamarinepro.com\/de\/wp-json\/wp\/v2\/product_brand?post=3922"},{"taxonomy":"product_cat","embeddable":true,"href":"https:\/\/alphamarinepro.com\/de\/wp-json\/wp\/v2\/product_cat?post=3922"},{"taxonomy":"product_tag","embeddable":true,"href":"https:\/\/alphamarinepro.com\/de\/wp-json\/wp\/v2\/product_tag?post=3922"}],"curies":[{"name":"wp","href":"https:\/\/api.w.org\/{rel}","templated":true}]}}