{"id":2685,"date":"2021-07-07T09:16:46","date_gmt":"2021-07-07T08:28:03","guid":{"rendered":"https:\/\/alphamarinepro.com\/product\/oxifresh\/"},"modified":"2021-07-07T09:28:09","modified_gmt":"2021-07-07T08:28:09","slug":"oxifresh","status":"publish","type":"product","link":"https:\/\/alphamarinepro.com\/de\/produkt\/oxifresh\/","title":{"rendered":"OxiFresh"},"content":{"rendered":"<p>OxiFresh ist ein innovatives, kraftvolles und zudem stark keimreduzierendes und geruchsverkapselndes Reinigungsprodukt. Es baut unangenehme Ger\u00fcche ab, indem es die Geruchsmolek\u00fcle einkapselt. Verstr\u00f6mt sofort nach der Anwendung einen angenehmen Duft, so dass die behandelte Stelle wieder verwendet werden kann. Durch die einzigartige Zusammensetzung baut sich der Gestank schnell und einfach ab und der Raum duftet wieder frisch und angenehm.   <\/p>\n","protected":false},"excerpt":{"rendered":"<p>Ein innovatives, kraftvolles und auch tolles Reinigungsprodukt! Es baut unangenehme Ger\u00fcche ab, sodass der Raum wieder frisch und angenehm riecht. <\/p>\n","protected":false},"featured_media":2725,"comment_status":"open","ping_status":"closed","template":"","meta":[],"product_brand":[],"product_cat":[61],"product_tag":[],"class_list":{"0":"post-2685","1":"product","2":"type-product","3":"status-publish","4":"has-post-thumbnail","6":"product_cat-masgeschneiderte-losungen","8":"first","9":"instock","10":"taxable","11":"shipping-taxable","12":"purchasable","13":"product-type-simple"},"_links":{"self":[{"href":"https:\/\/alphamarinepro.com\/de\/wp-json\/wp\/v2\/product\/2685","targetHints":{"allow":["GET"]}}],"collection":[{"href":"https:\/\/alphamarinepro.com\/de\/wp-json\/wp\/v2\/product"}],"about":[{"href":"https:\/\/alphamarinepro.com\/de\/wp-json\/wp\/v2\/types\/product"}],"replies":[{"embeddable":true,"href":"https:\/\/alphamarinepro.com\/de\/wp-json\/wp\/v2\/comments?post=2685"}],"wp:featuredmedia":[{"embeddable":true,"href":"https:\/\/alphamarinepro.com\/de\/wp-json\/wp\/v2\/media\/2725"}],"wp:attachment":[{"href":"https:\/\/alphamarinepro.com\/de\/wp-json\/wp\/v2\/media?parent=2685"}],"wp:term":[{"taxonomy":"product_brand","embeddable":true,"href":"https:\/\/alphamarinepro.com\/de\/wp-json\/wp\/v2\/product_brand?post=2685"},{"taxonomy":"product_cat","embeddable":true,"href":"https:\/\/alphamarinepro.com\/de\/wp-json\/wp\/v2\/product_cat?post=2685"},{"taxonomy":"product_tag","embeddable":true,"href":"https:\/\/alphamarinepro.com\/de\/wp-json\/wp\/v2\/product_tag?post=2685"}],"curies":[{"name":"wp","href":"https:\/\/api.w.org\/{rel}","templated":true}]}}