{"id":2678,"date":"2021-07-06T19:15:55","date_gmt":"2021-07-07T07:55:31","guid":{"rendered":"https:\/\/alphamarinepro.com\/product\/plastic-window-cleaner\/"},"modified":"2021-11-01T15:04:39","modified_gmt":"2021-11-01T14:04:39","slug":"plastic-window-cleaner","status":"publish","type":"product","link":"https:\/\/alphamarinepro.com\/de\/produkt\/plastic-window-cleaner\/","title":{"rendered":"Plastic Window Cleaner"},"content":{"rendered":"<p>Plastic Window Cleaner ist ein synthetischer Reiniger ohne Scheuermittel. Plastic Window Cleaner l\u00f6st die Verschmutzung, ohne die Oberfl\u00e4che zu besch\u00e4digen. Durch die innovative Zusammensetzung lassen sich die Verschmutzungen leicht entfernen. Plastic Window Cleaner hinterl\u00e4sst au\u00dferdem eine ultrad\u00fcnne Polymerschicht, die die Oberfl\u00e4che sch\u00fctzt und gl\u00e4ttet. Plastic Window Cleaner entfernt alle Ablagerungen von der Oberfl\u00e4che und entfernt gleichzeitig den l\u00e4stigen Dunst. Plastic Window Cleaner kann auf fast allen Vinyl- und Acryloberfl\u00e4chen wie Fenstern, B\u00e4nken usw. verwendet werden. Plastic Window Cleaner ist ein Reiniger, der in einer Aerosoldose geliefert wird. Dies erm\u00f6glicht eine einfache Anwendung und Dosierung.    <\/p>\n","protected":false},"excerpt":{"rendered":"<p>Dieser fantastische Fensterreiniger l\u00f6st die Verschmutzung, ohne die Oberfl\u00e4che zu besch\u00e4digen, hinterl\u00e4sst au\u00dferdem eine ultrad\u00fcnne Polymerschicht, die die Oberfl\u00e4che sch\u00fctzt und gl\u00e4ttet.<\/p>\n","protected":false},"featured_media":2788,"comment_status":"open","ping_status":"closed","template":"","meta":[],"product_brand":[],"product_cat":[54],"product_tag":[],"class_list":{"0":"post-2678","1":"product","2":"type-product","3":"status-publish","4":"has-post-thumbnail","6":"product_cat-reinigung","8":"first","9":"instock","10":"taxable","11":"shipping-taxable","12":"purchasable","13":"product-type-simple"},"_links":{"self":[{"href":"https:\/\/alphamarinepro.com\/de\/wp-json\/wp\/v2\/product\/2678","targetHints":{"allow":["GET"]}}],"collection":[{"href":"https:\/\/alphamarinepro.com\/de\/wp-json\/wp\/v2\/product"}],"about":[{"href":"https:\/\/alphamarinepro.com\/de\/wp-json\/wp\/v2\/types\/product"}],"replies":[{"embeddable":true,"href":"https:\/\/alphamarinepro.com\/de\/wp-json\/wp\/v2\/comments?post=2678"}],"wp:featuredmedia":[{"embeddable":true,"href":"https:\/\/alphamarinepro.com\/de\/wp-json\/wp\/v2\/media\/2788"}],"wp:attachment":[{"href":"https:\/\/alphamarinepro.com\/de\/wp-json\/wp\/v2\/media?parent=2678"}],"wp:term":[{"taxonomy":"product_brand","embeddable":true,"href":"https:\/\/alphamarinepro.com\/de\/wp-json\/wp\/v2\/product_brand?post=2678"},{"taxonomy":"product_cat","embeddable":true,"href":"https:\/\/alphamarinepro.com\/de\/wp-json\/wp\/v2\/product_cat?post=2678"},{"taxonomy":"product_tag","embeddable":true,"href":"https:\/\/alphamarinepro.com\/de\/wp-json\/wp\/v2\/product_tag?post=2678"}],"curies":[{"name":"wp","href":"https:\/\/api.w.org\/{rel}","templated":true}]}}