{"id":2216,"date":"2021-06-21T16:12:17","date_gmt":"2021-06-21T15:17:53","guid":{"rendered":"https:\/\/alphamarinepro.com\/product\/vikan-cleaning-kit\/"},"modified":"2021-07-07T09:34:57","modified_gmt":"2021-07-07T08:34:57","slug":"vikan-cleaning-kit","status":"publish","type":"product","link":"https:\/\/alphamarinepro.com\/de\/produkt\/vikan-cleaning-kit\/","title":{"rendered":"Vikan Cleaning Kit"},"content":{"rendered":"<p>Dieses komplette Starterpaket mit verschiedenen Handb\u00fcrsten, Waschb\u00fcrste, Rundb\u00fcrste und Teleskopstiel: 1 x (522252) Vehicle Brush w\/Long Handle, Soft\/Split, 1 x 525252 All-Round Vehicle Brush for small areas, 1 x 526852 Vehicle Brush, waterfed, 250 mm, Soft\/Split, 1 Dieses komplette Starterpaket mit verschiedenen Handb\u00fcrsten, Waschb\u00fcrste, Rundb\u00fcrste und Teleskopstiel: 1 x (522252) Fahrzeugb\u00fcrste mit langem Stiel, weich\/geteilt, 1 x 525252 Allround-Fahrzeugb\u00fcrste f\u00fcr kleine Fl\u00e4chen, 1 x 526852 Fahrzeugb\u00fcrste, mit Wasserdurchlauf, 250 mm, weich\/geteilt, 1 x 525052 Felgenb\u00fcrste, 65 mm, schwarz, 1 x 297152C Aluminium-Teleskop-Wasserdurchlaufstiel mit Klick-Fit, 1060, 1600 mm.x 525052 Rim Brush, 65 mm, black, 1 x 297152C Aluminium Telescopic Waterfed Handle with click-fit, 1060, 1600 mm.<\/p>\n","protected":false},"excerpt":{"rendered":"<p>Alles von Vikan griffbereit in dieser praktischen Aufbewahrungsbox.<\/p>\n","protected":false},"featured_media":2175,"comment_status":"open","ping_status":"closed","template":"","meta":[],"product_brand":[],"product_cat":[80],"product_tag":[],"class_list":{"0":"post-2216","1":"product","2":"type-product","3":"status-publish","4":"has-post-thumbnail","6":"product_cat-vikan-de","8":"first","9":"instock","10":"sale","11":"taxable","12":"shipping-taxable","13":"purchasable","14":"product-type-simple"},"_links":{"self":[{"href":"https:\/\/alphamarinepro.com\/de\/wp-json\/wp\/v2\/product\/2216","targetHints":{"allow":["GET"]}}],"collection":[{"href":"https:\/\/alphamarinepro.com\/de\/wp-json\/wp\/v2\/product"}],"about":[{"href":"https:\/\/alphamarinepro.com\/de\/wp-json\/wp\/v2\/types\/product"}],"replies":[{"embeddable":true,"href":"https:\/\/alphamarinepro.com\/de\/wp-json\/wp\/v2\/comments?post=2216"}],"wp:featuredmedia":[{"embeddable":true,"href":"https:\/\/alphamarinepro.com\/de\/wp-json\/wp\/v2\/media\/2175"}],"wp:attachment":[{"href":"https:\/\/alphamarinepro.com\/de\/wp-json\/wp\/v2\/media?parent=2216"}],"wp:term":[{"taxonomy":"product_brand","embeddable":true,"href":"https:\/\/alphamarinepro.com\/de\/wp-json\/wp\/v2\/product_brand?post=2216"},{"taxonomy":"product_cat","embeddable":true,"href":"https:\/\/alphamarinepro.com\/de\/wp-json\/wp\/v2\/product_cat?post=2216"},{"taxonomy":"product_tag","embeddable":true,"href":"https:\/\/alphamarinepro.com\/de\/wp-json\/wp\/v2\/product_tag?post=2216"}],"curies":[{"name":"wp","href":"https:\/\/api.w.org\/{rel}","templated":true}]}}