{"id":1308,"date":"2021-03-07T09:10:53","date_gmt":"2021-03-07T08:10:53","guid":{"rendered":"https:\/\/alphamarinepro.com\/product\/bilge-grey-black-water-treatment-1-ltr\/"},"modified":"2021-05-17T18:29:33","modified_gmt":"2021-05-17T17:29:33","slug":"bilge-grey-black-water-treatment-1-ltr","status":"publish","type":"product","link":"https:\/\/alphamarinepro.com\/de\/produkt\/bilge-grey-black-water-treatment-1-ltr\/","title":{"rendered":"Bilge, Grey &amp; Black Water Treatment"},"content":{"rendered":"<p>Bilge, Grey &amp; Black Water Treatment ist ein Produkt, das auf Enzymen basiert, um unangenehme Ger\u00fcche zu vermeiden und die Verschmutzung in Bilgen-, Grau- und Schwarzwassertanks umzuwandeln. Die Enzyme wandeln F\u00e4kalien und andere Verunreinigungen im Tank um, so dass der Inhalt sicher und geruchsneutral abgegeben werden kann. Es kann auch im Winter verwendet werden, um unangenehme Ger\u00fcche im Boot zu vermeiden. Sicher f\u00fcr Schl\u00e4uche und Gummi. 100% biologisch abbaubar.    <\/p>\n","protected":false},"excerpt":{"rendered":"<p>Ist ein Produkt, das auf Enzymen basiert, um unangenehme Ger\u00fcche zu verhindern und Verschmutzungen in Bilgen-, Grau- und Schwarzwassertanks umzuwandeln, damit es ohne Ger\u00fcche sicher abgelassen werden kann. Es kann auch im Winter verwendet werden, um unangenehme Ger\u00fcche im Boot zu vermeiden. Sicher f\u00fcr Schl\u00e4uche und Gummi. 100% biologisch abbaubar.   <\/p>\n","protected":false},"featured_media":1309,"comment_status":"open","ping_status":"closed","template":"","meta":[],"product_brand":[],"product_cat":[61],"product_tag":[],"class_list":{"0":"post-1308","1":"product","2":"type-product","3":"status-publish","4":"has-post-thumbnail","6":"product_cat-masgeschneiderte-losungen","8":"first","9":"instock","10":"taxable","11":"shipping-taxable","12":"purchasable","13":"product-type-variable"},"_links":{"self":[{"href":"https:\/\/alphamarinepro.com\/de\/wp-json\/wp\/v2\/product\/1308","targetHints":{"allow":["GET"]}}],"collection":[{"href":"https:\/\/alphamarinepro.com\/de\/wp-json\/wp\/v2\/product"}],"about":[{"href":"https:\/\/alphamarinepro.com\/de\/wp-json\/wp\/v2\/types\/product"}],"replies":[{"embeddable":true,"href":"https:\/\/alphamarinepro.com\/de\/wp-json\/wp\/v2\/comments?post=1308"}],"wp:featuredmedia":[{"embeddable":true,"href":"https:\/\/alphamarinepro.com\/de\/wp-json\/wp\/v2\/media\/1309"}],"wp:attachment":[{"href":"https:\/\/alphamarinepro.com\/de\/wp-json\/wp\/v2\/media?parent=1308"}],"wp:term":[{"taxonomy":"product_brand","embeddable":true,"href":"https:\/\/alphamarinepro.com\/de\/wp-json\/wp\/v2\/product_brand?post=1308"},{"taxonomy":"product_cat","embeddable":true,"href":"https:\/\/alphamarinepro.com\/de\/wp-json\/wp\/v2\/product_cat?post=1308"},{"taxonomy":"product_tag","embeddable":true,"href":"https:\/\/alphamarinepro.com\/de\/wp-json\/wp\/v2\/product_tag?post=1308"}],"curies":[{"name":"wp","href":"https:\/\/api.w.org\/{rel}","templated":true}]}}