{"id":1306,"date":"2021-03-07T11:49:47","date_gmt":"2021-03-07T10:49:47","guid":{"rendered":"https:\/\/alphamarinepro.com\/product\/power-protect\/"},"modified":"2021-05-17T18:20:12","modified_gmt":"2021-05-17T17:20:12","slug":"power-protect","status":"publish","type":"product","link":"https:\/\/alphamarinepro.com\/de\/produkt\/power-protect\/","title":{"rendered":"Power Protect"},"content":{"rendered":"<p>Power Protect ist ein Schutzmittel f\u00fcr die Elektronik. Es bildet eine flexible und wasserabweisende Schicht, die das Eindringen von Feuchtigkeit und Korrosion verhindert. Es hat eine starke durchdringende und konservierende Wirkung. Verhindert Kurzschl\u00fcsse und Korrosion an allen Metallteilen. Die Schutzschicht ist best\u00e4ndig gegen extreme Temperaturen. Ideal f\u00fcr Verteilerhauben, Elektromotoren, Ger\u00e4te, Schalter und Verkabelungen.     <\/p>\n","protected":false},"excerpt":{"rendered":"<p>Ist ein Schutzmittel f\u00fcr die Elektronik. Es bildet eine flexible und wasserabweisende Schicht, die das Eindringen von Feuchtigkeit und Korrosion verhindert. Es hat eine starke durchdringende und konservierende Wirkung. Verhindert Kurzschl\u00fcsse und Korrosion an allen Metallteilen. Die Schutzschicht ist best\u00e4ndig gegen extreme Temperaturen. Ideal f\u00fcr Verteilerhauben, Elektromotoren, Ger\u00e4te, Schalter und Verkabelungen.     <\/p>\n","protected":false},"featured_media":1307,"comment_status":"open","ping_status":"closed","template":"","meta":[],"product_brand":[],"product_cat":[61],"product_tag":[],"class_list":{"0":"post-1306","1":"product","2":"type-product","3":"status-publish","4":"has-post-thumbnail","6":"product_cat-masgeschneiderte-losungen","8":"first","9":"instock","10":"taxable","11":"shipping-taxable","12":"purchasable","13":"product-type-simple"},"_links":{"self":[{"href":"https:\/\/alphamarinepro.com\/de\/wp-json\/wp\/v2\/product\/1306","targetHints":{"allow":["GET"]}}],"collection":[{"href":"https:\/\/alphamarinepro.com\/de\/wp-json\/wp\/v2\/product"}],"about":[{"href":"https:\/\/alphamarinepro.com\/de\/wp-json\/wp\/v2\/types\/product"}],"replies":[{"embeddable":true,"href":"https:\/\/alphamarinepro.com\/de\/wp-json\/wp\/v2\/comments?post=1306"}],"wp:featuredmedia":[{"embeddable":true,"href":"https:\/\/alphamarinepro.com\/de\/wp-json\/wp\/v2\/media\/1307"}],"wp:attachment":[{"href":"https:\/\/alphamarinepro.com\/de\/wp-json\/wp\/v2\/media?parent=1306"}],"wp:term":[{"taxonomy":"product_brand","embeddable":true,"href":"https:\/\/alphamarinepro.com\/de\/wp-json\/wp\/v2\/product_brand?post=1306"},{"taxonomy":"product_cat","embeddable":true,"href":"https:\/\/alphamarinepro.com\/de\/wp-json\/wp\/v2\/product_cat?post=1306"},{"taxonomy":"product_tag","embeddable":true,"href":"https:\/\/alphamarinepro.com\/de\/wp-json\/wp\/v2\/product_tag?post=1306"}],"curies":[{"name":"wp","href":"https:\/\/api.w.org\/{rel}","templated":true}]}}