{"id":1295,"date":"2021-03-07T11:57:21","date_gmt":"2021-03-07T10:57:21","guid":{"rendered":"https:\/\/alphamarinepro.com\/product\/hull-cleaner-hard\/"},"modified":"2021-05-17T18:16:35","modified_gmt":"2021-05-17T17:16:35","slug":"hull-cleaner-hard","status":"publish","type":"product","link":"https:\/\/alphamarinepro.com\/de\/produkt\/hull-cleaner-hard\/","title":{"rendered":"Hull Cleaner Hard"},"content":{"rendered":"<p>Hull Cleaner Hard ist ein wirksames Reinigungsmittel zum Entfernen von harten Verunreinigungen wie gelben Wasserablagerungen, Kalk, Rost und anderen Verunreinigungen am Rumpf und am Boden. Bei sachgem\u00e4\u00dfer Verwendung sicher f\u00fcr Polyester und lackierte Oberfl\u00e4chen. Hull &amp; Deck Cleaner Hard eignet sich auch hervorragend in Kombination mit Deep Clean.  <\/p>\n","protected":false},"excerpt":{"rendered":"<p>Entfernt einfach und effektiv harte Verunreinigungen wie gelbe Wasserablagerungen, Kalk, Rost und andere Verunreinigungen am Rumpf und am Boden. Bei sachgem\u00e4\u00dfer Verwendung ist es sicher f\u00fcr Polyester und lackierte Oberfl\u00e4chen. <\/p>\n","protected":false},"featured_media":1296,"comment_status":"open","ping_status":"closed","template":"","meta":[],"product_brand":[],"product_cat":[54],"product_tag":[],"class_list":{"0":"post-1295","1":"product","2":"type-product","3":"status-publish","4":"has-post-thumbnail","6":"product_cat-reinigung","8":"first","9":"instock","10":"taxable","11":"shipping-taxable","12":"purchasable","13":"product-type-variable"},"_links":{"self":[{"href":"https:\/\/alphamarinepro.com\/de\/wp-json\/wp\/v2\/product\/1295","targetHints":{"allow":["GET"]}}],"collection":[{"href":"https:\/\/alphamarinepro.com\/de\/wp-json\/wp\/v2\/product"}],"about":[{"href":"https:\/\/alphamarinepro.com\/de\/wp-json\/wp\/v2\/types\/product"}],"replies":[{"embeddable":true,"href":"https:\/\/alphamarinepro.com\/de\/wp-json\/wp\/v2\/comments?post=1295"}],"wp:featuredmedia":[{"embeddable":true,"href":"https:\/\/alphamarinepro.com\/de\/wp-json\/wp\/v2\/media\/1296"}],"wp:attachment":[{"href":"https:\/\/alphamarinepro.com\/de\/wp-json\/wp\/v2\/media?parent=1295"}],"wp:term":[{"taxonomy":"product_brand","embeddable":true,"href":"https:\/\/alphamarinepro.com\/de\/wp-json\/wp\/v2\/product_brand?post=1295"},{"taxonomy":"product_cat","embeddable":true,"href":"https:\/\/alphamarinepro.com\/de\/wp-json\/wp\/v2\/product_cat?post=1295"},{"taxonomy":"product_tag","embeddable":true,"href":"https:\/\/alphamarinepro.com\/de\/wp-json\/wp\/v2\/product_tag?post=1295"}],"curies":[{"name":"wp","href":"https:\/\/api.w.org\/{rel}","templated":true}]}}