{"id":1293,"date":"2021-03-07T11:59:04","date_gmt":"2021-03-07T10:59:04","guid":{"rendered":"https:\/\/alphamarinepro.com\/product\/glass-stainless-steel-cleaner\/"},"modified":"2021-05-17T18:15:24","modified_gmt":"2021-05-17T17:15:24","slug":"glass-stainless-steel-cleaner","status":"publish","type":"product","link":"https:\/\/alphamarinepro.com\/de\/produkt\/glass-stainless-steel-cleaner\/","title":{"rendered":"Glass &amp; Stainless Steel Cleaner"},"content":{"rendered":"<p>Glass &amp; Stainless Steel Cleaner ist ein innovatives, leistungsstarkes Reinigungsmittel mit einzigartigen Polierbestandteilen, das tief eingedrungene Verunreinigungen wie Korrosion, Vogelkot sowie Kalk- und Salzablagerungen m\u00fchelos entfernt. Stellt die Klarheit des Glases durch Polieren der Oberfl\u00e4che wieder her. Ideal f\u00fcr Fenster und Bullaugen.  <\/p>\n","protected":false},"excerpt":{"rendered":"<p>Ideal zum Reinigen von Fenstern und Bullaugen. Entfernt m\u00fchelos tief eindringende Verunreinigungen wie Vogelkot, Kalk- und Salzablagerungen und stellt die Klarheit der Glasoberfl\u00e4chen wieder her. <\/p>\n","protected":false},"featured_media":1294,"comment_status":"open","ping_status":"closed","template":"","meta":[],"product_brand":[],"product_cat":[54],"product_tag":[],"class_list":{"0":"post-1293","1":"product","2":"type-product","3":"status-publish","4":"has-post-thumbnail","6":"product_cat-reinigung","8":"first","9":"instock","10":"taxable","11":"shipping-taxable","12":"purchasable","13":"product-type-simple"},"_links":{"self":[{"href":"https:\/\/alphamarinepro.com\/de\/wp-json\/wp\/v2\/product\/1293","targetHints":{"allow":["GET"]}}],"collection":[{"href":"https:\/\/alphamarinepro.com\/de\/wp-json\/wp\/v2\/product"}],"about":[{"href":"https:\/\/alphamarinepro.com\/de\/wp-json\/wp\/v2\/types\/product"}],"replies":[{"embeddable":true,"href":"https:\/\/alphamarinepro.com\/de\/wp-json\/wp\/v2\/comments?post=1293"}],"wp:featuredmedia":[{"embeddable":true,"href":"https:\/\/alphamarinepro.com\/de\/wp-json\/wp\/v2\/media\/1294"}],"wp:attachment":[{"href":"https:\/\/alphamarinepro.com\/de\/wp-json\/wp\/v2\/media?parent=1293"}],"wp:term":[{"taxonomy":"product_brand","embeddable":true,"href":"https:\/\/alphamarinepro.com\/de\/wp-json\/wp\/v2\/product_brand?post=1293"},{"taxonomy":"product_cat","embeddable":true,"href":"https:\/\/alphamarinepro.com\/de\/wp-json\/wp\/v2\/product_cat?post=1293"},{"taxonomy":"product_tag","embeddable":true,"href":"https:\/\/alphamarinepro.com\/de\/wp-json\/wp\/v2\/product_tag?post=1293"}],"curies":[{"name":"wp","href":"https:\/\/api.w.org\/{rel}","templated":true}]}}