{"id":1256,"date":"2021-03-07T12:07:01","date_gmt":"2021-03-07T11:07:01","guid":{"rendered":"https:\/\/alphamarinepro.com\/product\/antifouling-remover\/"},"modified":"2021-05-17T18:11:25","modified_gmt":"2021-05-17T17:11:25","slug":"antifouling-remover","status":"publish","type":"product","link":"https:\/\/alphamarinepro.com\/de\/produkt\/antifouling-remover\/","title":{"rendered":"Antifouling Remover"},"content":{"rendered":"<p>Anti Fouling Remover ist eine sichere, PH-neutrale Entfernerpaste, die zum einfachen Entfernen alter Antifouling-Schichten (auch 2-Komponenten-Systeme) verwendet wird. Es enth\u00e4lt keine sch\u00e4dlichen S\u00e4uren, Laugen, NMP, Methylenchlorid, DMSO, Paraffin oder andere Konservierungsmittel. Es k\u00f6nnen mehrere Schichten gleichzeitig entfernt werden, indem das Produkt l\u00e4nger arbeiten kann. Antifouling \/ Farbentferner trocknet nicht aus und kann bis zu 24 Stunden bleiben, ohne die Oberfl\u00e4che zu besch\u00e4digen. Kann sogar bis zu 0 \u00b0 C verwendet werden.    <\/p>\n","protected":false},"excerpt":{"rendered":"<p>Entfernen Sie sicher und einfach alte Antifouling-Schichten (auch 2-Komponenten-Schichten). Es trocknet nicht aus und kann bis zu 24 Stunden bleiben, ohne die Oberfl\u00e4che zu besch\u00e4digen. <\/p>\n","protected":false},"featured_media":1027,"comment_status":"open","ping_status":"closed","template":"","meta":[],"product_brand":[],"product_cat":[54],"product_tag":[],"class_list":{"0":"post-1256","1":"product","2":"type-product","3":"status-publish","4":"has-post-thumbnail","6":"product_cat-reinigung","8":"first","9":"instock","10":"taxable","11":"shipping-taxable","12":"purchasable","13":"product-type-variable"},"_links":{"self":[{"href":"https:\/\/alphamarinepro.com\/de\/wp-json\/wp\/v2\/product\/1256","targetHints":{"allow":["GET"]}}],"collection":[{"href":"https:\/\/alphamarinepro.com\/de\/wp-json\/wp\/v2\/product"}],"about":[{"href":"https:\/\/alphamarinepro.com\/de\/wp-json\/wp\/v2\/types\/product"}],"replies":[{"embeddable":true,"href":"https:\/\/alphamarinepro.com\/de\/wp-json\/wp\/v2\/comments?post=1256"}],"wp:featuredmedia":[{"embeddable":true,"href":"https:\/\/alphamarinepro.com\/de\/wp-json\/wp\/v2\/media\/1027"}],"wp:attachment":[{"href":"https:\/\/alphamarinepro.com\/de\/wp-json\/wp\/v2\/media?parent=1256"}],"wp:term":[{"taxonomy":"product_brand","embeddable":true,"href":"https:\/\/alphamarinepro.com\/de\/wp-json\/wp\/v2\/product_brand?post=1256"},{"taxonomy":"product_cat","embeddable":true,"href":"https:\/\/alphamarinepro.com\/de\/wp-json\/wp\/v2\/product_cat?post=1256"},{"taxonomy":"product_tag","embeddable":true,"href":"https:\/\/alphamarinepro.com\/de\/wp-json\/wp\/v2\/product_tag?post=1256"}],"curies":[{"name":"wp","href":"https:\/\/api.w.org\/{rel}","templated":true}]}}