{"id":1250,"date":"2021-03-07T12:08:22","date_gmt":"2021-03-07T11:08:22","guid":{"rendered":"https:\/\/alphamarinepro.com\/product\/surface-cleaner-wipes\/"},"modified":"2021-05-17T18:10:08","modified_gmt":"2021-05-17T17:10:08","slug":"surface-cleaner-wipes","status":"publish","type":"product","link":"https:\/\/alphamarinepro.com\/de\/produkt\/surface-cleaner-wipes\/","title":{"rendered":"Surface Cleaner Wipes"},"content":{"rendered":"<p>Surface Cleaner Wipes sind verschlei\u00dffeste T\u00fccher, die sich hervorragend als Vorbehandlung f\u00fcr eine Oberfl\u00e4che eignen, die mit Marine Coat oder Gel Coat Premium Protector behandelt werden muss. Oberfl\u00e4chenreinigungst\u00fccher entfetten die Oberfl\u00e4che und entfernen alle R\u00fcckst\u00e4nde von Reinigungsmitteln. <\/p>\n","protected":false},"excerpt":{"rendered":"<p>Entfettet die Oberfl\u00e4che und entfernt eventuelle R\u00fcckst\u00e4nde von Reinigungsmitteln. Oberfl\u00e4chenreinigungst\u00fccher sind verschlei\u00dffeste T\u00fccher, die sich hervorragend als Vorbehandlung f\u00fcr eine Oberfl\u00e4che eignen, die mit Marine Coat oder Gel Coat Premium Protector behandelt werden muss.  <\/p>\n","protected":false},"featured_media":1251,"comment_status":"open","ping_status":"closed","template":"","meta":[],"product_brand":[],"product_cat":[54],"product_tag":[],"class_list":{"0":"post-1250","1":"product","2":"type-product","3":"status-publish","4":"has-post-thumbnail","6":"product_cat-reinigung","8":"first","9":"instock","10":"taxable","11":"shipping-taxable","12":"purchasable","13":"product-type-simple"},"_links":{"self":[{"href":"https:\/\/alphamarinepro.com\/de\/wp-json\/wp\/v2\/product\/1250","targetHints":{"allow":["GET"]}}],"collection":[{"href":"https:\/\/alphamarinepro.com\/de\/wp-json\/wp\/v2\/product"}],"about":[{"href":"https:\/\/alphamarinepro.com\/de\/wp-json\/wp\/v2\/types\/product"}],"replies":[{"embeddable":true,"href":"https:\/\/alphamarinepro.com\/de\/wp-json\/wp\/v2\/comments?post=1250"}],"wp:featuredmedia":[{"embeddable":true,"href":"https:\/\/alphamarinepro.com\/de\/wp-json\/wp\/v2\/media\/1251"}],"wp:attachment":[{"href":"https:\/\/alphamarinepro.com\/de\/wp-json\/wp\/v2\/media?parent=1250"}],"wp:term":[{"taxonomy":"product_brand","embeddable":true,"href":"https:\/\/alphamarinepro.com\/de\/wp-json\/wp\/v2\/product_brand?post=1250"},{"taxonomy":"product_cat","embeddable":true,"href":"https:\/\/alphamarinepro.com\/de\/wp-json\/wp\/v2\/product_cat?post=1250"},{"taxonomy":"product_tag","embeddable":true,"href":"https:\/\/alphamarinepro.com\/de\/wp-json\/wp\/v2\/product_tag?post=1250"}],"curies":[{"name":"wp","href":"https:\/\/api.w.org\/{rel}","templated":true}]}}