{"id":1159,"date":"2021-03-07T12:09:38","date_gmt":"2021-03-07T11:09:38","guid":{"rendered":"https:\/\/alphamarinepro.com\/product\/canvas-cleaner\/"},"modified":"2021-05-17T18:08:48","modified_gmt":"2021-05-17T17:08:48","slug":"canvas-cleaner","status":"publish","type":"product","link":"https:\/\/alphamarinepro.com\/de\/produkt\/canvas-cleaner\/","title":{"rendered":"Canvas Cleaner"},"content":{"rendered":"<p>Canvas Cleaner wurde speziell f\u00fcr die Reinigung von Oberfl\u00e4chen aus Segeltuch, Baumwolle, Leinen usw. entwickelt. Luftverschmutzung dringt in die Fasern des Stoffes ein und bildet auch einen N\u00e4hrboden, auf dem Algen und Pilze wachsen k\u00f6nnen. Canvas Cleaner l\u00f6st Schmutz tief in die Poren, ohne die Oberfl\u00e4che zu besch\u00e4digen. Das Produkt hinterl\u00e4sst auch keine R\u00fcckst\u00e4nde, was h\u00e4ufig bei Verwendung gew\u00f6hnlicher Seifen der Fall ist. Nach der Reinigung kann die Oberfl\u00e4che durch Abdichtung perfekt erhalten werden.    <\/p>\n","protected":false},"excerpt":{"rendered":"<p>Speziell f\u00fcr die gr\u00fcndliche Reinigung von Oberfl\u00e4chen wie Leinwand, Baumwolle, Leinen usw. entwickelt. Es l\u00f6st effektiv Schmutz, Schimmel, Algen und \/ oder Pilze, ohne die Unversehrtheit des Stoffes zu beeintr\u00e4chtigen. Es hinterl\u00e4sst keine R\u00fcckst\u00e4nde.  <\/p>\n","protected":false},"featured_media":1160,"comment_status":"open","ping_status":"closed","template":"","meta":[],"product_brand":[],"product_cat":[54],"product_tag":[],"class_list":{"0":"post-1159","1":"product","2":"type-product","3":"status-publish","4":"has-post-thumbnail","6":"product_cat-reinigung","8":"first","9":"instock","10":"taxable","11":"shipping-taxable","12":"purchasable","13":"product-type-variable"},"_links":{"self":[{"href":"https:\/\/alphamarinepro.com\/de\/wp-json\/wp\/v2\/product\/1159","targetHints":{"allow":["GET"]}}],"collection":[{"href":"https:\/\/alphamarinepro.com\/de\/wp-json\/wp\/v2\/product"}],"about":[{"href":"https:\/\/alphamarinepro.com\/de\/wp-json\/wp\/v2\/types\/product"}],"replies":[{"embeddable":true,"href":"https:\/\/alphamarinepro.com\/de\/wp-json\/wp\/v2\/comments?post=1159"}],"wp:featuredmedia":[{"embeddable":true,"href":"https:\/\/alphamarinepro.com\/de\/wp-json\/wp\/v2\/media\/1160"}],"wp:attachment":[{"href":"https:\/\/alphamarinepro.com\/de\/wp-json\/wp\/v2\/media?parent=1159"}],"wp:term":[{"taxonomy":"product_brand","embeddable":true,"href":"https:\/\/alphamarinepro.com\/de\/wp-json\/wp\/v2\/product_brand?post=1159"},{"taxonomy":"product_cat","embeddable":true,"href":"https:\/\/alphamarinepro.com\/de\/wp-json\/wp\/v2\/product_cat?post=1159"},{"taxonomy":"product_tag","embeddable":true,"href":"https:\/\/alphamarinepro.com\/de\/wp-json\/wp\/v2\/product_tag?post=1159"}],"curies":[{"name":"wp","href":"https:\/\/api.w.org\/{rel}","templated":true}]}}