{"id":1133,"date":"2021-03-07T12:18:10","date_gmt":"2021-03-07T11:18:10","guid":{"rendered":"https:\/\/alphamarinepro.com\/product\/teak-protector-classic\/"},"modified":"2021-05-17T18:03:36","modified_gmt":"2021-05-17T17:03:36","slug":"teak-protector-classic","status":"publish","type":"product","link":"https:\/\/alphamarinepro.com\/de\/produkt\/teak-protector-classic\/","title":{"rendered":"Teak Protector &#8211; Classic"},"content":{"rendered":"<p>Teak Protector Classic ist ein farbiges und hochwertiges Schutzmittel f\u00fcr Teakholz. Es basiert auf der neuesten Technologie. Verhindert Verschmutzung, so dass das Algenwachstum drastisch reduziert wird. Konserviert und impr\u00e4gniert das Holz, verhindert dessen Alterung und macht die Deckschicht wasser- und fettbest\u00e4ndig. Macht die Oberfl\u00e4che nicht gl\u00e4nzend und gibt die klassische hellbraune Farbe. Ideal f\u00fcr die Pflege von neuem und grauem Teakholz. Wirkt sich nicht auf die Dichtmittelverbindungen aus und das Teakdeck wird nicht rutschig.      <\/p>\n<p> <span lang=\"NL\" style=\"color: #017100;\">Verwenden Sie vor dem Auftragen von Teak Protector Classic das Duo Hull &amp; Deck Cleaner Pro und Hull Cleaner Hard, um die Oberfl\u00e4che zu reinigen. Hull &amp; Deck Cleaner Pro \u00f6ffnet und reinigt die Poren und Fasern des Holzes, w\u00e4hrend Hull Cleaner Hard die Poren und Fasern schlie\u00dft. <\/span><\/p>\n<p>&nbsp;<\/p>\n","protected":false},"excerpt":{"rendered":"<p>Ist ein farbiges und hochwertiges Schutzmittel f\u00fcr Teakholz. Konserviert und impr\u00e4gniert das Holz, verhindert dessen Alterung und macht die Deckschicht wasser- und fettbest\u00e4ndig. Macht die Oberfl\u00e4che nicht gl\u00e4nzend und gibt die klassische hellbraune Farbe.   <\/p>\n","protected":false},"featured_media":1134,"comment_status":"open","ping_status":"closed","template":"","meta":[],"product_brand":[],"product_cat":[56],"product_tag":[],"class_list":{"0":"post-1133","1":"product","2":"type-product","3":"status-publish","4":"has-post-thumbnail","6":"product_cat-schutz","8":"first","9":"instock","10":"taxable","11":"shipping-taxable","12":"purchasable","13":"product-type-simple"},"_links":{"self":[{"href":"https:\/\/alphamarinepro.com\/de\/wp-json\/wp\/v2\/product\/1133","targetHints":{"allow":["GET"]}}],"collection":[{"href":"https:\/\/alphamarinepro.com\/de\/wp-json\/wp\/v2\/product"}],"about":[{"href":"https:\/\/alphamarinepro.com\/de\/wp-json\/wp\/v2\/types\/product"}],"replies":[{"embeddable":true,"href":"https:\/\/alphamarinepro.com\/de\/wp-json\/wp\/v2\/comments?post=1133"}],"wp:featuredmedia":[{"embeddable":true,"href":"https:\/\/alphamarinepro.com\/de\/wp-json\/wp\/v2\/media\/1134"}],"wp:attachment":[{"href":"https:\/\/alphamarinepro.com\/de\/wp-json\/wp\/v2\/media?parent=1133"}],"wp:term":[{"taxonomy":"product_brand","embeddable":true,"href":"https:\/\/alphamarinepro.com\/de\/wp-json\/wp\/v2\/product_brand?post=1133"},{"taxonomy":"product_cat","embeddable":true,"href":"https:\/\/alphamarinepro.com\/de\/wp-json\/wp\/v2\/product_cat?post=1133"},{"taxonomy":"product_tag","embeddable":true,"href":"https:\/\/alphamarinepro.com\/de\/wp-json\/wp\/v2\/product_tag?post=1133"}],"curies":[{"name":"wp","href":"https:\/\/api.w.org\/{rel}","templated":true}]}}