{"id":1123,"date":"2021-03-07T12:20:32","date_gmt":"2021-03-07T11:20:32","guid":{"rendered":"https:\/\/alphamarinepro.com\/product\/synthetic-glass-protector\/"},"modified":"2021-05-17T18:01:40","modified_gmt":"2021-05-17T17:01:40","slug":"synthetic-glass-protector","status":"publish","type":"product","link":"https:\/\/alphamarinepro.com\/de\/produkt\/synthetic-glass-protector\/","title":{"rendered":"Synthetic Glass Protector"},"content":{"rendered":"<p>Synthetic Glass Protector ist ein hochwertiger Glasschutz, der auf der neuesten Technologie basiert. Bietet langfristigen Schutz gegen das Anhaften von Verunreinigungen wie Korrosion, Vogelkot, Kalk- und Salzablagerungen und anderen aggressiven Substanzen. Es verhindert auch, dass das Glas matt oder matt wird. Es ist wasserabweisend und UV-best\u00e4ndig. Best\u00e4ndig gegen alle g\u00e4ngigen Reinigungsprodukte, einschlie\u00dflich saurer Reinigungsmittel. Ideal f\u00fcr Fenster und Bullaugen     <\/p>\n","protected":false},"excerpt":{"rendered":"<p>Ist ein hochwertiger Glasschutz, der einen langfristigen Schutz gegen das Anhaften von Verunreinigungen wie Korrosion, Vogelkot, Kalk- und Salzablagerungen und anderen aggressiven Substanzen bietet. Es verhindert auch, dass das Glas matt oder matt wird. Es ist wasserabweisend und UV-best\u00e4ndig. Ideal f\u00fcr Fenster und Bullaugen.   <\/p>\n","protected":false},"featured_media":1124,"comment_status":"open","ping_status":"closed","template":"","meta":[],"product_brand":[],"product_cat":[56],"product_tag":[],"class_list":{"0":"post-1123","1":"product","2":"type-product","3":"status-publish","4":"has-post-thumbnail","6":"product_cat-schutz","8":"first","9":"instock","10":"taxable","11":"shipping-taxable","12":"purchasable","13":"product-type-simple"},"_links":{"self":[{"href":"https:\/\/alphamarinepro.com\/de\/wp-json\/wp\/v2\/product\/1123","targetHints":{"allow":["GET"]}}],"collection":[{"href":"https:\/\/alphamarinepro.com\/de\/wp-json\/wp\/v2\/product"}],"about":[{"href":"https:\/\/alphamarinepro.com\/de\/wp-json\/wp\/v2\/types\/product"}],"replies":[{"embeddable":true,"href":"https:\/\/alphamarinepro.com\/de\/wp-json\/wp\/v2\/comments?post=1123"}],"wp:featuredmedia":[{"embeddable":true,"href":"https:\/\/alphamarinepro.com\/de\/wp-json\/wp\/v2\/media\/1124"}],"wp:attachment":[{"href":"https:\/\/alphamarinepro.com\/de\/wp-json\/wp\/v2\/media?parent=1123"}],"wp:term":[{"taxonomy":"product_brand","embeddable":true,"href":"https:\/\/alphamarinepro.com\/de\/wp-json\/wp\/v2\/product_brand?post=1123"},{"taxonomy":"product_cat","embeddable":true,"href":"https:\/\/alphamarinepro.com\/de\/wp-json\/wp\/v2\/product_cat?post=1123"},{"taxonomy":"product_tag","embeddable":true,"href":"https:\/\/alphamarinepro.com\/de\/wp-json\/wp\/v2\/product_tag?post=1123"}],"curies":[{"name":"wp","href":"https:\/\/api.w.org\/{rel}","templated":true}]}}