{"id":1104,"date":"2021-03-07T12:21:41","date_gmt":"2021-03-07T11:21:41","guid":{"rendered":"https:\/\/alphamarinepro.com\/product\/waterproofing-textile\/"},"modified":"2021-05-17T18:00:28","modified_gmt":"2021-05-17T17:00:28","slug":"waterproofing-textile","status":"publish","type":"product","link":"https:\/\/alphamarinepro.com\/de\/produkt\/waterproofing-textile\/","title":{"rendered":"Waterproofing Textile"},"content":{"rendered":"<p>Waterproofing ist ein hochwertiges Impr\u00e4gniermittel, das auf den neuesten innovativen Technologien basiert. Es wird zum Abdichten aller Arten von Stoffen verwendet. Langzeitschutz gegen Witterungseinfl\u00fcsse und die Haftung von Verschmutzungen. Greift das Material nicht an und hinterl\u00e4sst keine Streifen oder Flecken. Ideal f\u00fcr den Einsatz auf Windsegeln, Vinyl-Bootskissen, Spr\u00fchhauben und Vord\u00e4chern.    <\/p>\n","protected":false},"excerpt":{"rendered":"<p>Ist ein hochwertiges Impr\u00e4gniermittel, das zum Abdichten aller Arten von Stoffen verwendet wird. Ideal f\u00fcr den Einsatz auf Windsegeln, Vinyl-Bootskissen, Bootsspr\u00fchhauben und Vord\u00e4chern. <\/p>\n","protected":false},"featured_media":1105,"comment_status":"open","ping_status":"closed","template":"","meta":[],"product_brand":[],"product_cat":[56],"product_tag":[],"class_list":{"0":"post-1104","1":"product","2":"type-product","3":"status-publish","4":"has-post-thumbnail","6":"product_cat-schutz","8":"first","9":"instock","10":"taxable","11":"shipping-taxable","12":"purchasable","13":"product-type-variable"},"_links":{"self":[{"href":"https:\/\/alphamarinepro.com\/de\/wp-json\/wp\/v2\/product\/1104","targetHints":{"allow":["GET"]}}],"collection":[{"href":"https:\/\/alphamarinepro.com\/de\/wp-json\/wp\/v2\/product"}],"about":[{"href":"https:\/\/alphamarinepro.com\/de\/wp-json\/wp\/v2\/types\/product"}],"replies":[{"embeddable":true,"href":"https:\/\/alphamarinepro.com\/de\/wp-json\/wp\/v2\/comments?post=1104"}],"wp:featuredmedia":[{"embeddable":true,"href":"https:\/\/alphamarinepro.com\/de\/wp-json\/wp\/v2\/media\/1105"}],"wp:attachment":[{"href":"https:\/\/alphamarinepro.com\/de\/wp-json\/wp\/v2\/media?parent=1104"}],"wp:term":[{"taxonomy":"product_brand","embeddable":true,"href":"https:\/\/alphamarinepro.com\/de\/wp-json\/wp\/v2\/product_brand?post=1104"},{"taxonomy":"product_cat","embeddable":true,"href":"https:\/\/alphamarinepro.com\/de\/wp-json\/wp\/v2\/product_cat?post=1104"},{"taxonomy":"product_tag","embeddable":true,"href":"https:\/\/alphamarinepro.com\/de\/wp-json\/wp\/v2\/product_tag?post=1104"}],"curies":[{"name":"wp","href":"https:\/\/api.w.org\/{rel}","templated":true}]}}