{"id":1088,"date":"2021-03-07T12:25:31","date_gmt":"2021-03-07T11:25:31","guid":{"rendered":"https:\/\/alphamarinepro.com\/product\/gelcoat-detailer-spray\/"},"modified":"2021-05-17T17:59:00","modified_gmt":"2021-05-17T16:59:00","slug":"gelcoat-detailer-spray","status":"publish","type":"product","link":"https:\/\/alphamarinepro.com\/de\/produkt\/gelcoat-detailer-spray\/","title":{"rendered":"Gelcoat Detailer Spray"},"content":{"rendered":"<p>Gelcoat Detailer Spray ist ein v\u00f6llig neuer synthetischer Glanzverst\u00e4rker, der auf der hydrophoben Polymertechnologie basiert. Dies ergibt eine hohe Oberfl\u00e4chenspannung und l\u00e4sst das Wasser von der Oberfl\u00e4che rutschen. Gelcoat Detailer Spray ist ein einfacher, sicherer Detailer zum Reinigen, f\u00fcr zus\u00e4tzlichen Glanz und zum Schutz der Oberfl\u00e4che. Gelcoat Detailer Spray ist auch ein fantastischer Reiniger \/ Versiegeler f\u00fcr Glas, harte Innenr\u00e4ume, unbeschichtete und gewachste Oberfl\u00e4chen.  <\/p>\n","protected":false},"excerpt":{"rendered":"<p>Verleiht eine hohe Oberfl\u00e4chenspannung und l\u00e4sst das Wasser von der Oberfl\u00e4che rutschen. Gelcoat Detailer Spray ist ein einfacher, sicherer Detailer zum Reinigen, f\u00fcr zus\u00e4tzlichen Glanz und zum Schutz der Oberfl\u00e4che. <\/p>\n","protected":false},"featured_media":1089,"comment_status":"open","ping_status":"closed","template":"","meta":[],"product_brand":[],"product_cat":[56],"product_tag":[],"class_list":{"0":"post-1088","1":"product","2":"type-product","3":"status-publish","4":"has-post-thumbnail","6":"product_cat-schutz","8":"first","9":"instock","10":"taxable","11":"shipping-taxable","12":"purchasable","13":"product-type-simple"},"_links":{"self":[{"href":"https:\/\/alphamarinepro.com\/de\/wp-json\/wp\/v2\/product\/1088","targetHints":{"allow":["GET"]}}],"collection":[{"href":"https:\/\/alphamarinepro.com\/de\/wp-json\/wp\/v2\/product"}],"about":[{"href":"https:\/\/alphamarinepro.com\/de\/wp-json\/wp\/v2\/types\/product"}],"replies":[{"embeddable":true,"href":"https:\/\/alphamarinepro.com\/de\/wp-json\/wp\/v2\/comments?post=1088"}],"wp:featuredmedia":[{"embeddable":true,"href":"https:\/\/alphamarinepro.com\/de\/wp-json\/wp\/v2\/media\/1089"}],"wp:attachment":[{"href":"https:\/\/alphamarinepro.com\/de\/wp-json\/wp\/v2\/media?parent=1088"}],"wp:term":[{"taxonomy":"product_brand","embeddable":true,"href":"https:\/\/alphamarinepro.com\/de\/wp-json\/wp\/v2\/product_brand?post=1088"},{"taxonomy":"product_cat","embeddable":true,"href":"https:\/\/alphamarinepro.com\/de\/wp-json\/wp\/v2\/product_cat?post=1088"},{"taxonomy":"product_tag","embeddable":true,"href":"https:\/\/alphamarinepro.com\/de\/wp-json\/wp\/v2\/product_tag?post=1088"}],"curies":[{"name":"wp","href":"https:\/\/api.w.org\/{rel}","templated":true}]}}