{"id":1078,"date":"2021-03-07T12:27:31","date_gmt":"2021-03-07T11:27:31","guid":{"rendered":"https:\/\/alphamarinepro.com\/product\/gelcoat-premium-protector\/"},"modified":"2021-05-17T17:58:18","modified_gmt":"2021-05-17T16:58:18","slug":"gelcoat-premium-protector","status":"publish","type":"product","link":"https:\/\/alphamarinepro.com\/de\/produkt\/gelcoat-premium-protector\/","title":{"rendered":"Gelcoat Premium Protector"},"content":{"rendered":"<p>Gelcoat Premium Protector ist ein hochwertiges Schutzmittel, das auf den innovativsten Technologien basiert. Sch\u00fctzt den Gelcoat und sorgt f\u00fcr Glanz und Farbvertiefung. Verhindert auch die Anhaftung von Verschmutzung, mit UV-Filter. Sicher f\u00fcr Polyester-, Kunststoff-, lackierte und Metalloberfl\u00e4chen wie; Chrom, Edelstahl und Aluminium.   <\/p>\n","protected":false},"excerpt":{"rendered":"<p>Sch\u00fctzt den Gelcoat und sorgt f\u00fcr Glanz und Farbvertiefung. Verhindert auch die Anhaftung von Verschmutzung und hat UV-Filter.  <\/p>\n","protected":false},"featured_media":1079,"comment_status":"open","ping_status":"closed","template":"","meta":[],"product_brand":[],"product_cat":[56],"product_tag":[],"class_list":{"0":"post-1078","1":"product","2":"type-product","3":"status-publish","4":"has-post-thumbnail","6":"product_cat-schutz","8":"first","9":"instock","10":"taxable","11":"shipping-taxable","12":"purchasable","13":"product-type-simple"},"_links":{"self":[{"href":"https:\/\/alphamarinepro.com\/de\/wp-json\/wp\/v2\/product\/1078","targetHints":{"allow":["GET"]}}],"collection":[{"href":"https:\/\/alphamarinepro.com\/de\/wp-json\/wp\/v2\/product"}],"about":[{"href":"https:\/\/alphamarinepro.com\/de\/wp-json\/wp\/v2\/types\/product"}],"replies":[{"embeddable":true,"href":"https:\/\/alphamarinepro.com\/de\/wp-json\/wp\/v2\/comments?post=1078"}],"wp:featuredmedia":[{"embeddable":true,"href":"https:\/\/alphamarinepro.com\/de\/wp-json\/wp\/v2\/media\/1079"}],"wp:attachment":[{"href":"https:\/\/alphamarinepro.com\/de\/wp-json\/wp\/v2\/media?parent=1078"}],"wp:term":[{"taxonomy":"product_brand","embeddable":true,"href":"https:\/\/alphamarinepro.com\/de\/wp-json\/wp\/v2\/product_brand?post=1078"},{"taxonomy":"product_cat","embeddable":true,"href":"https:\/\/alphamarinepro.com\/de\/wp-json\/wp\/v2\/product_cat?post=1078"},{"taxonomy":"product_tag","embeddable":true,"href":"https:\/\/alphamarinepro.com\/de\/wp-json\/wp\/v2\/product_tag?post=1078"}],"curies":[{"name":"wp","href":"https:\/\/api.w.org\/{rel}","templated":true}]}}