{"id":1058,"date":"2021-03-07T12:35:20","date_gmt":"2021-03-07T11:35:20","guid":{"rendered":"https:\/\/alphamarinepro.com\/product\/gelcoat-speed-protector\/"},"modified":"2021-05-17T17:56:06","modified_gmt":"2021-05-17T16:56:06","slug":"gelcoat-speed-protector","status":"publish","type":"product","link":"https:\/\/alphamarinepro.com\/de\/produkt\/gelcoat-speed-protector\/","title":{"rendered":"Gelcoat Speed Protector"},"content":{"rendered":"<p>Gelcoat Speed Protector ist ein hochwertiges Schutzmittel, das auf den innovativsten Technologien basiert. Sch\u00fctzt den Gelcoat und bietet zus\u00e4tzlichen Glanz und Schutz nach einer W\u00e4sche. Verhindert auch das Anhaften von Verschmutzung. Sicher f\u00fcr Polyester-, Kunststoff-, lackierte und Metalloberfl\u00e4chen wie; Chrom, Edelstahl und Aluminium. Gelcoat Premium Protector passt auch perfekt zur regelm\u00e4\u00dfigen Wartung des Gelcoats sowie zur Wartung eines Gelcoats, der bereits mit Marine Coat behandelt wurde.    <\/p>\n","protected":false},"excerpt":{"rendered":"<p>Ist ein hochwertiges Schutzmittel, das auf den innovativsten Technologien basiert. Sch\u00fctzt den Gelcoat und bietet zus\u00e4tzlichen Glanz und Schutz nach einer W\u00e4sche. Gelcoat Premium Protector passt auch perfekt zur regelm\u00e4\u00dfigen Wartung des Gelcoats sowie zur Wartung eines Gelcoats, der bereits mit Marine Coat behandelt wurde.  <\/p>\n","protected":false},"featured_media":1059,"comment_status":"open","ping_status":"closed","template":"","meta":[],"product_brand":[],"product_cat":[56],"product_tag":[],"class_list":{"0":"post-1058","1":"product","2":"type-product","3":"status-publish","4":"has-post-thumbnail","6":"product_cat-schutz","8":"first","9":"instock","10":"taxable","11":"shipping-taxable","12":"purchasable","13":"product-type-simple"},"_links":{"self":[{"href":"https:\/\/alphamarinepro.com\/de\/wp-json\/wp\/v2\/product\/1058","targetHints":{"allow":["GET"]}}],"collection":[{"href":"https:\/\/alphamarinepro.com\/de\/wp-json\/wp\/v2\/product"}],"about":[{"href":"https:\/\/alphamarinepro.com\/de\/wp-json\/wp\/v2\/types\/product"}],"replies":[{"embeddable":true,"href":"https:\/\/alphamarinepro.com\/de\/wp-json\/wp\/v2\/comments?post=1058"}],"wp:featuredmedia":[{"embeddable":true,"href":"https:\/\/alphamarinepro.com\/de\/wp-json\/wp\/v2\/media\/1059"}],"wp:attachment":[{"href":"https:\/\/alphamarinepro.com\/de\/wp-json\/wp\/v2\/media?parent=1058"}],"wp:term":[{"taxonomy":"product_brand","embeddable":true,"href":"https:\/\/alphamarinepro.com\/de\/wp-json\/wp\/v2\/product_brand?post=1058"},{"taxonomy":"product_cat","embeddable":true,"href":"https:\/\/alphamarinepro.com\/de\/wp-json\/wp\/v2\/product_cat?post=1058"},{"taxonomy":"product_tag","embeddable":true,"href":"https:\/\/alphamarinepro.com\/de\/wp-json\/wp\/v2\/product_tag?post=1058"}],"curies":[{"name":"wp","href":"https:\/\/api.w.org\/{rel}","templated":true}]}}