{"id":1026,"date":"2021-03-07T12:38:15","date_gmt":"2021-03-07T11:38:15","guid":{"rendered":"https:\/\/alphamarinepro.com\/product\/renotop-marine-1-k\/"},"modified":"2021-07-06T12:08:50","modified_gmt":"2021-07-06T11:08:50","slug":"renotop-marine-1-k","status":"publish","type":"product","link":"https:\/\/alphamarinepro.com\/de\/produkt\/renotop-marine-1-k\/","title":{"rendered":"RenoTop Marine 1-K"},"content":{"rendered":"<p>RenoTop Marine 1-K ist ein hochgl\u00e4nzender 1-Komponenten oxidativ trocknender Polyurethan-\/Alkydlack, der f\u00fcr den Offshore-Bereich entwickelt wurde. Die Beschichtung hat ausgezeichnete Flie\u00dfeigenschaften und l\u00e4sst sich einfach mit Pinsel, Rolle oder Spritze auftragen. RenoTop Marine 1-K hat eine ausgezeichnete Glanzhaltung und eine sehr geringe Flammenausbreitung. RenoTop Marine 1-K bietet dauerhaften Schutz mit Easy-to-Clean-Eigenschaften, sodass erneute Verschmutzungen weniger schnell anhaften und somit leichter zu entfernen sind. RenoTop Marine 1-K ist in allen RAL-Farben erh\u00e4ltlich. Farb- und Glanzbest\u00e4ndigkeit von Decklacken\/Lackierungen k\u00f6nnen je nach Farbtyp variieren; Umwelteinfl\u00fcsse wie Temperatur, UV-Intensit\u00e4t usw.; und Qualit\u00e4t der Bewerbung.  <\/p>\n<p> F\u00fcr weitere Informationen wenden Sie sich bitte an Alpha Marine Pro.<\/p>\n","protected":false},"excerpt":{"rendered":"<p>Ist ein hochgl\u00e4nzender Polyurethan \/ Alkyd-Lack, der f\u00fcr den Offshore-Bereich entwickelt wurde. Die Beschichtung hat hervorragende Flie\u00dfeigenschaften und l\u00e4sst sich beispielsweise mit einem Pinsel, einer Walze oder einem Spr\u00fchger\u00e4t leicht auftragen. RenoTop Marine hat ausgezeichnete Glanzbest\u00e4ndigkeitseigenschaften und eine sehr geringe Flammenausbreitung.  <\/p>\n","protected":false},"featured_media":1035,"comment_status":"open","ping_status":"closed","template":"","meta":[],"product_brand":[],"product_cat":[56],"product_tag":[],"class_list":{"0":"post-1026","1":"product","2":"type-product","3":"status-publish","4":"has-post-thumbnail","6":"product_cat-schutz","8":"first","9":"instock","10":"taxable","11":"shipping-taxable","12":"purchasable","13":"product-type-simple"},"_links":{"self":[{"href":"https:\/\/alphamarinepro.com\/de\/wp-json\/wp\/v2\/product\/1026","targetHints":{"allow":["GET"]}}],"collection":[{"href":"https:\/\/alphamarinepro.com\/de\/wp-json\/wp\/v2\/product"}],"about":[{"href":"https:\/\/alphamarinepro.com\/de\/wp-json\/wp\/v2\/types\/product"}],"replies":[{"embeddable":true,"href":"https:\/\/alphamarinepro.com\/de\/wp-json\/wp\/v2\/comments?post=1026"}],"wp:featuredmedia":[{"embeddable":true,"href":"https:\/\/alphamarinepro.com\/de\/wp-json\/wp\/v2\/media\/1035"}],"wp:attachment":[{"href":"https:\/\/alphamarinepro.com\/de\/wp-json\/wp\/v2\/media?parent=1026"}],"wp:term":[{"taxonomy":"product_brand","embeddable":true,"href":"https:\/\/alphamarinepro.com\/de\/wp-json\/wp\/v2\/product_brand?post=1026"},{"taxonomy":"product_cat","embeddable":true,"href":"https:\/\/alphamarinepro.com\/de\/wp-json\/wp\/v2\/product_cat?post=1026"},{"taxonomy":"product_tag","embeddable":true,"href":"https:\/\/alphamarinepro.com\/de\/wp-json\/wp\/v2\/product_tag?post=1026"}],"curies":[{"name":"wp","href":"https:\/\/api.w.org\/{rel}","templated":true}]}}